{"id":2125,"date":"2019-01-17T00:08:21","date_gmt":"2019-01-16T23:08:21","guid":{"rendered":"http:\/\/www.csaexemerson.it\/?page_id=2125"},"modified":"2026-04-17T01:06:42","modified_gmt":"2026-04-16T23:06:42","slug":"eventi-2","status":"publish","type":"page","link":"https:\/\/csaexemerson.org\/index.php\/eventi-2\/","title":{"rendered":"Eventi"},"content":{"rendered":"\n<div class=\"wp-block-uagb-container uagb-block-11d89efe alignfull uagb-is-root-container\"><div class=\"uagb-container-inner-blocks-wrap\">\n<div class=\"wp-block-uagb-container uagb-block-49a7fbb2\"><\/div>\n\n\n\n<div class=\"wp-block-uagb-container uagb-block-217ce8ce\"><\/div>\n\n\n\n<div class=\"wp-block-uagb-container uagb-block-020a392e\"><\/div>\n<\/div><\/div>\n\n\n\n\t\t\t<div class=\"wp-block-uagb-post-masonry uagb-post-grid  uagb-post__image-position-top uagb-post__image-disabled uagb-block-943a4786     uagb-post__items uagb-post__columns-3 is-masonry uagb-post__columns-tablet-2 uagb-post__columns-mobile-1\" data-total=\"58\" style=\"\">\n\n\t\t\t\t\t\t\t\t\t\t\t\t<article class=\"uagb-post__inner-wrap\">\t\t\t\t\t<div class=\"uagb-post__text\"><span class=\"uagb-post__taxonomy highlighted\"><a href=\"https:\/\/csaexemerson.org\/index.php\/category\/eventi\/pranzi-e-cene\/\">Pranzi e cene<\/a><\/span><\/div>\t\t\t<h5 class=\"uagb-post__title uagb-post__text\">\n\t\t\t\t<a href=\"https:\/\/csaexemerson.org\/index.php\/2026\/04\/28\/lunedi-4-maggio-cena-benefit-no-ponte\/\" target=\"_self\" rel=\"bookmark noopener noreferrer\">Luned\u00ec 4 maggio &#8211; Cena benefit No-Ponte<\/a>\n\t\t\t<\/h5>\n\t\t\t\t\t\t<div class='uagb-post__text uagb-post-grid-byline'>\n\t\t\t\t\t\t\t<\/div>\n\t\t\t\t\t\t\t<div class='uagb-post__text uagb-post__excerpt'>\n\t\t\t\t\t<p>Luned\u00ec 4 maggio Tutto il ricavato della cena andr\u00e0 in benefit per le operazioni \u201cNo Ponte\u201d e \u201cIpogeo\u201d. Men\u00f9 catanese vegetariano con alternativa vegana. Pasta senza glutine su&#8230;\t\t\t\t<\/div>\n\t\t\t\t\t\t<div class=\"uagb-post__text uagb-post__cta wp-block-button\">\n\t\t\t\t<a class=\"wp-block-button__link uagb-text-link\" style=\"\" href=\"https:\/\/csaexemerson.org\/index.php\/2026\/04\/28\/lunedi-4-maggio-cena-benefit-no-ponte\/\" target=\"_self\" rel=\"bookmark noopener noreferrer\">dettagli<\/a>\n\t\t\t<\/div>\n\t\t\t\n\t\t\t\t\t\t\t\t\t<\/article>\n\t\t\t\t\t\t\t\t\t\t\t\t\t\t\t\t<article class=\"uagb-post__inner-wrap\">\t\t\t\t\t<div class=\"uagb-post__text\"><span class=\"uagb-post__taxonomy highlighted\"><a href=\"https:\/\/csaexemerson.org\/index.php\/category\/eventi\/cinema\/\">Cinema<\/a><\/span><span class=\"uagb-post__taxonomy highlighted\"><a href=\"https:\/\/csaexemerson.org\/index.php\/category\/eventi\/festival\/\">Festival<\/a><\/span><span class=\"uagb-post__taxonomy highlighted\"><a href=\"https:\/\/csaexemerson.org\/index.php\/category\/eventi\/internazionalismo\/\">Internazionalismo<\/a><\/span><\/div>\t\t\t<h5 class=\"uagb-post__title uagb-post__text\">\n\t\t\t\t<a href=\"https:\/\/csaexemerson.org\/index.php\/2026\/04\/21\/lunedi-27-04-fisahara-festival-di-cinema-saharawi\/\" target=\"_self\" rel=\"bookmark noopener noreferrer\">Luned\u00ec 27\/04 &#8211; Fisahara &#8211; Festival di cinema Saharawi<\/a>\n\t\t\t<\/h5>\n\t\t\t\t\t\t<div class='uagb-post__text uagb-post-grid-byline'>\n\t\t\t\t\t\t\t<\/div>\n\t\t\t\t\t\t\t<div class='uagb-post__text uagb-post__excerpt'>\n\t\t\t\t\t<p>Prima edizione fiorentina del Festival Internazionale di Cinema FiSahara a cura del collettivo D2D. Proiezioni in sostegno al popolo Saharawi di corti e lungometraggi scelti dalle curatrici del&#8230;\t\t\t\t<\/div>\n\t\t\t\t\t\t<div class=\"uagb-post__text uagb-post__cta wp-block-button\">\n\t\t\t\t<a class=\"wp-block-button__link uagb-text-link\" style=\"\" href=\"https:\/\/csaexemerson.org\/index.php\/2026\/04\/21\/lunedi-27-04-fisahara-festival-di-cinema-saharawi\/\" target=\"_self\" rel=\"bookmark noopener noreferrer\">dettagli<\/a>\n\t\t\t<\/div>\n\t\t\t\n\t\t\t\t\t\t\t\t\t<\/article>\n\t\t\t\t\t\t\t\t\t\t\t\t\t\t\t\t<article class=\"uagb-post__inner-wrap\">\t\t\t\t\t<div class=\"uagb-post__text\"><span class=\"uagb-post__taxonomy highlighted\"><a href=\"https:\/\/csaexemerson.org\/index.php\/category\/eventi\/concerti-e-serate\/\">Concerti e serate<\/a><\/span><\/div>\t\t\t<h5 class=\"uagb-post__title uagb-post__text\">\n\t\t\t\t<a href=\"https:\/\/csaexemerson.org\/index.php\/2026\/04\/19\/venerdi-24-04-dalle-18-00-keep-it-real-2\/\" target=\"_self\" rel=\"bookmark noopener noreferrer\">Venerd\u00ec 24\/04 dalle 18.00 &#8211; Keep it real (2)<\/a>\n\t\t\t<\/h5>\n\t\t\t\t\t\t<div class='uagb-post__text uagb-post-grid-byline'>\n\t\t\t\t\t\t\t<\/div>\n\t\t\t\t\t\t\t<div class='uagb-post__text uagb-post__excerpt'>\n\t\t\t\t\t<p>Venerd\u00ec 24 dall 18.00 alle 24.00 &#8211; Keep it real\u00b2 Torna l&#8217;aperitivo techno a suon di vinili a cura dei Technomasterz. Musica, banchini DIY tra stampe, serigrafia e&#8230;\t\t\t\t<\/div>\n\t\t\t\t\t\t<div class=\"uagb-post__text uagb-post__cta wp-block-button\">\n\t\t\t\t<a class=\"wp-block-button__link uagb-text-link\" style=\"\" href=\"https:\/\/csaexemerson.org\/index.php\/2026\/04\/19\/venerdi-24-04-dalle-18-00-keep-it-real-2\/\" target=\"_self\" rel=\"bookmark noopener noreferrer\">dettagli<\/a>\n\t\t\t<\/div>\n\t\t\t\n\t\t\t\t\t\t\t\t\t<\/article>\n\t\t\t\t\t\t\t\t\t\t\t\t\t\t\t\t<article class=\"uagb-post__inner-wrap\">\t\t\t\t\t<div class=\"uagb-post__text\"><span class=\"uagb-post__taxonomy highlighted\"><a href=\"https:\/\/csaexemerson.org\/index.php\/category\/eventi\/antifascismo\/\">antifascismo<\/a><\/span><\/div>\t\t\t<h5 class=\"uagb-post__title uagb-post__text\">\n\t\t\t\t<a href=\"https:\/\/csaexemerson.org\/index.php\/2026\/04\/16\/dal-21-aprile-porta-un-fiore-un-disegno-un-pensiero-alla-lapide-della-resistenza-a-castello\/\" target=\"_self\" rel=\"bookmark noopener noreferrer\">Dal 21 Aprile: Porta un fiore, un disegno, un pensiero alla lapide della Resistenza a Castello<\/a>\n\t\t\t<\/h5>\n\t\t\t\t\t\t<div class='uagb-post__text uagb-post-grid-byline'>\n\t\t\t\t\t\t\t<\/div>\n\t\t\t\t\t\t\t<div class='uagb-post__text uagb-post__excerpt'>\n\t\t\t\t\t<p>Dal 21 fino al 30 Aprile Porta un fiore, un disegno, un pensiero alla lapide della Resistenza a Castello in via U. Crocetta angolo via Giuliani Festeggiamo il&#8230;\t\t\t\t<\/div>\n\t\t\t\t\t\t<div class=\"uagb-post__text uagb-post__cta wp-block-button\">\n\t\t\t\t<a class=\"wp-block-button__link uagb-text-link\" style=\"\" href=\"https:\/\/csaexemerson.org\/index.php\/2026\/04\/16\/dal-21-aprile-porta-un-fiore-un-disegno-un-pensiero-alla-lapide-della-resistenza-a-castello\/\" target=\"_self\" rel=\"bookmark noopener noreferrer\">dettagli<\/a>\n\t\t\t<\/div>\n\t\t\t\n\t\t\t\t\t\t\t\t\t<\/article>\n\t\t\t\t\t\t\t\t\t\t\t\t\t\t\t\t<article class=\"uagb-post__inner-wrap\">\t\t\t\t\t<div class=\"uagb-post__text\"><span class=\"uagb-post__taxonomy highlighted\"><a href=\"https:\/\/csaexemerson.org\/index.php\/category\/palestra\/allenamento\/\">allenamento<\/a><\/span><span class=\"uagb-post__taxonomy highlighted\"><a href=\"https:\/\/csaexemerson.org\/index.php\/category\/eventi\/arrampicata-eventi\/\">Arrampicata<\/a><\/span><span class=\"uagb-post__taxonomy highlighted\"><a href=\"https:\/\/csaexemerson.org\/index.php\/category\/eventi\/palestra-eventi\/\">Palestra<\/a><\/span><span class=\"uagb-post__taxonomy highlighted\"><a href=\"https:\/\/csaexemerson.org\/index.php\/category\/skatepark\/\">Skatepark<\/a><\/span><\/div>\t\t\t<h5 class=\"uagb-post__title uagb-post__text\">\n\t\t\t\t<a href=\"https:\/\/csaexemerson.org\/index.php\/2026\/03\/31\/smontanti-dal-basso-vi-18-19-aprile\/\" target=\"_self\" rel=\"bookmark noopener noreferrer\">(S)MONTANTI &#8211; DAL BASSO VI &#8211; 18-19 Aprile<\/a>\n\t\t\t<\/h5>\n\t\t\t\t\t\t<div class='uagb-post__text uagb-post-grid-byline'>\n\t\t\t\t\t\t\t<\/div>\n\t\t\t\t\t\t\t<div class='uagb-post__text uagb-post__excerpt'>\n\t\t\t\t\t<p>Torna il grande evento dello sport popolare al csa next emerson. Quest&#8217;anno, grazie alle diverse realt\u00e0 sbocciate all&#8217;interno della palestra popolare, abbiamo la volont\u00e0 (e la possibilit\u00e0) di&#8230;\t\t\t\t<\/div>\n\t\t\t\t\t\t<div class=\"uagb-post__text uagb-post__cta wp-block-button\">\n\t\t\t\t<a class=\"wp-block-button__link uagb-text-link\" style=\"\" href=\"https:\/\/csaexemerson.org\/index.php\/2026\/03\/31\/smontanti-dal-basso-vi-18-19-aprile\/\" target=\"_self\" rel=\"bookmark noopener noreferrer\">dettagli<\/a>\n\t\t\t<\/div>\n\t\t\t\n\t\t\t\t\t\t\t\t\t<\/article>\n\t\t\t\t\t\t\t\t\t\t\t\t\t\t\t\t<article class=\"uagb-post__inner-wrap\">\t\t\t\t\t<div class=\"uagb-post__text\"><span class=\"uagb-post__taxonomy highlighted\"><a href=\"https:\/\/csaexemerson.org\/index.php\/category\/eventi\/concerti-e-serate\/\">Concerti e serate<\/a><\/span><\/div>\t\t\t<h5 class=\"uagb-post__title uagb-post__text\">\n\t\t\t\t<a href=\"https:\/\/csaexemerson.org\/index.php\/2026\/03\/31\/venerdi-17-04-nido-di-vespe-the-stand-sloth-real-wood\/\" target=\"_self\" rel=\"bookmark noopener noreferrer\">Venerd\u00ec 17\/04 &#8211; Nido di vespe + The stand + Sloth + Real wood<\/a>\n\t\t\t<\/h5>\n\t\t\t\t\t\t<div class='uagb-post__text uagb-post-grid-byline'>\n\t\t\t\t\t\t\t<\/div>\n\t\t\t\t\t\t\t<div class='uagb-post__text uagb-post__excerpt'>\n\t\t\t\t\t<p>S&#8217;inizia alle 21:30 Bad Taste Collective presenta: In your house. il meglio che il local pu\u00f2 offrire, a casa tua ! -NIDO DI VESPE &#8211; Thrashcore Grind; -THE&#8230;\t\t\t\t<\/div>\n\t\t\t\t\t\t<div class=\"uagb-post__text uagb-post__cta wp-block-button\">\n\t\t\t\t<a class=\"wp-block-button__link uagb-text-link\" style=\"\" href=\"https:\/\/csaexemerson.org\/index.php\/2026\/03\/31\/venerdi-17-04-nido-di-vespe-the-stand-sloth-real-wood\/\" target=\"_self\" rel=\"bookmark noopener noreferrer\">dettagli<\/a>\n\t\t\t<\/div>\n\t\t\t\n\t\t\t\t\t\t\t\t\t<\/article>\n\t\t\t\t\t\t\t\t\t\t\t\t\t\t\t<div class=\"uagb-post__load-more-wrap\">\n\t\t\t\t\t\t\t\t<span class=\"uagb-post-pagination-button\">\n\t\t\t\t\t\t\t\t\t<a class=\"uagb-post__load-more\" href=\"javascript:void(0);\">\n\t\t\t\t\t\t\t\t\tAncora&#8230;\t\t\t\t\t\t\t\t\t<\/a>\n\t\t\t\t\t\t\t\t<\/span>\n\t\t\t\t\t\t\t<\/div>\n\t\t\t\t\t\t\t\t\t\t<\/div>\n\t\t\t\n\n\n<div style=\"height:3em\" aria-hidden=\"true\" class=\"wp-block-spacer\"><\/div>\n\n\n\n<div class=\"wp-block-uagb-buttons uagb-buttons__outer-wrap uagb-btn__default-btn uagb-btn-tablet__default-btn uagb-btn-mobile__default-btn uagb-block-a42011b6\"><div class=\"uagb-buttons__wrap uagb-buttons-layout-wrap \">\n<div class=\"wp-block-uagb-buttons-child uagb-buttons__outer-wrap uagb-block-9eb42670 wp-block-button\"><div class=\"uagb-button__wrapper\"><a class=\"uagb-buttons-repeater wp-block-button__link\" aria-label=\"\" href=\"https:\/\/new.csaexemerson.org\/index.php\/coproduzioni-diy\/\" rel=\"follow noopener\" target=\"_self\" role=\"button\"><div class=\"uagb-button__link\">Le nostre coproduzioni<\/div><\/a><\/div><\/div>\n\n\n\n<div class=\"wp-block-uagb-buttons-child uagb-buttons__outer-wrap uagb-block-4d61dd0b wp-block-button\"><div class=\"uagb-button__wrapper\"><a class=\"uagb-buttons-repeater wp-block-button__link\" aria-label=\"\" href=\"https:\/\/new.csaexemerson.org\/index.php\/contatti\/\" rel=\"follow noopener\" target=\"_self\" role=\"button\"><div class=\"uagb-button__link\">Come proporre serate<\/div><\/a><\/div><\/div>\n<\/div><\/div>\n\n\n\n<div class=\"wp-block-group is-vertical is-content-justification-center is-layout-flex wp-container-core-group-is-layout-ce155fab wp-block-group-is-layout-flex\">\n<div class=\"wp-block-uagb-advanced-heading uagb-block-3d7e2298\"><h1 class=\"uagb-heading-text\">Cosa succede in citt\u00e0<\/h1><\/div>\n\n\n\n<script src=\"https:\/\/lapunta.org\/gancio-events.es.js\"><\/script>\n<gancio-events baseurl=\"https:\/\/lapunta.org\" title=\"LaPunta\" maxlength=6 sidebar=\"true\" theme=\"dark\"><\/gancio-events>\n<\/div>\n","protected":false},"excerpt":{"rendered":"<p>Cosa succede in citt\u00e0<\/p>\n","protected":false},"author":1,"featured_media":0,"parent":0,"menu_order":0,"comment_status":"closed","ping_status":"open","template":"","meta":{"_uag_custom_page_level_css":"","site-sidebar-layout":"default","site-content-layout":"default","ast-global-header-display":"","ast-main-header-display":"","ast-hfb-above-header-display":"","ast-hfb-below-header-display":"","ast-hfb-mobile-header-display":"","site-post-title":"disabled","ast-breadcrumbs-content":"","ast-featured-img":"","footer-sml-layout":"","theme-transparent-header-meta":"default","adv-header-id-meta":"","stick-header-meta":"","header-above-stick-meta":"","header-main-stick-meta":"","header-below-stick-meta":"","footnotes":""},"class_list":["post-2125","page","type-page","status-publish","hentry"],"uagb_featured_image_src":{"full":false,"thumbnail":false,"medium":false,"medium_large":false,"large":false,"1536x1536":false,"2048x2048":false},"uagb_author_info":{"display_name":"next","author_link":"https:\/\/csaexemerson.org\/index.php\/author\/next\/"},"uagb_comment_info":0,"uagb_excerpt":"Cosa succede in citt\u00e0","_links":{"self":[{"href":"https:\/\/csaexemerson.org\/index.php\/wp-json\/wp\/v2\/pages\/2125","targetHints":{"allow":["GET"]}}],"collection":[{"href":"https:\/\/csaexemerson.org\/index.php\/wp-json\/wp\/v2\/pages"}],"about":[{"href":"https:\/\/csaexemerson.org\/index.php\/wp-json\/wp\/v2\/types\/page"}],"author":[{"embeddable":true,"href":"https:\/\/csaexemerson.org\/index.php\/wp-json\/wp\/v2\/users\/1"}],"replies":[{"embeddable":true,"href":"https:\/\/csaexemerson.org\/index.php\/wp-json\/wp\/v2\/comments?post=2125"}],"version-history":[{"count":55,"href":"https:\/\/csaexemerson.org\/index.php\/wp-json\/wp\/v2\/pages\/2125\/revisions"}],"predecessor-version":[{"id":5635,"href":"https:\/\/csaexemerson.org\/index.php\/wp-json\/wp\/v2\/pages\/2125\/revisions\/5635"}],"wp:attachment":[{"href":"https:\/\/csaexemerson.org\/index.php\/wp-json\/wp\/v2\/media?parent=2125"}],"curies":[{"name":"wp","href":"https:\/\/api.w.org\/{rel}","templated":true}]}}