{"id":2559,"date":"2019-09-19T15:40:24","date_gmt":"2019-09-19T13:40:24","guid":{"rendered":"https:\/\/www.csaexemerson.it\/?page_id=2559"},"modified":"2025-09-09T14:28:29","modified_gmt":"2025-09-09T12:28:29","slug":"if_do","status":"publish","type":"page","link":"https:\/\/csaexemerson.org\/index.php\/if_do\/","title":{"rendered":"If_Do"},"content":{"rendered":"\n<div class=\"wp-block-uagb-advanced-heading uagb-block-bf4c9015\"><h1 class=\"uagb-heading-text\">HACKLAB IF_DO<\/h1><\/div>\n\n\n\n<figure class=\"wp-block-image aligncenter\"><img decoding=\"async\" src=\"https:\/\/new.csaexemerson.org\/wp-content\/uploads\/2019\/09\/ifdo.png\" alt=\"\" class=\"wp-image-2561\"\/><\/figure>\n\n\n\n<p>If_do \u00e8 nato dall\u2019incontro di smanettoni, paranoici, universitari,\nattivisti politici e curiosi: che cosa ci accomuna e perch\u00e9 abbiamo\nscelto questo nome?<\/p>\n\n\n\n<p>IF: \u00e8 una condizione necessaria e sufficiente, \u00e8 la nostra\ncondizione. Siamo irrequieti, non ci piacciono le soluzioni semplici, ci\n piace capire come funzionano le cose: siamo affascinati dalla\ntecnologia e allo stesso tempo preoccupati dall\u2019uso inconsapevole che ne\n viene fatto. Sentiamo il bisogno di condividere le nostre conoscenze e i\n nostri dubbi riguardo alla velocit\u00e0 del processo che ci travolge, o\nanche semplicemente di recuperare l\u2019intimit\u00e0 che ci \u00e8 stata\nprogressivamente tolta, sempre pi\u00f9 sfacciatamente, dalle stesse\ncorporation che sostengono di preoccuparsi della nostra tutela e\nprivacy, quando \u00e8 evidente che proprio su questa si basano i loro\nbusiness miliardari. Siamo forse un po\u2019 paranoici, per questo ci\nappoggiamo a servizi tecnologici autogestiti, che ci danno la\npossibilit\u00e0 di scambiare in libert\u00e0 mail, di aprire blog e documenti\ncondivisi senza paura di censure; ci sentiamo parte della comunit\u00e0\nHackmeeting, che da 20 anni si raduna annualmente lungo la penisola,\ncreando un unico grande hacklab a cielo aperto.<\/p>\n\n\n\n<p>DO: \u00e8 la nostra soluzione, \u00e8 la funzione che vogliamo rappresentare,  relazionando l\u2019insieme della realt\u00e0 con quello della possibilit\u00e0.  Perch\u00e9, diciamocela tutta, se questo non \u00e8 il migliore dei mondi che  riusciamo a immaginare, allora vuol dire che dovremo crearlo noi in  prima persona. Vogliamo che i saperi siano liberi, condivisi e gratuiti,  e non \u00e8 nelle nostre intenzioni restringere il campo alla discussione e  libera creazione di hardware\/software hacking. Hacker \u00e8 chiunque abbia  l\u2019attitudine del curioso, proprio come noi. Gli hacker si ingegnano a  risolvere problemi e costruiscono cose: non amano i sistemi chiusi e gli  schemi precostituiti, si muovono seguendo principi di libert\u00e0 e  condivisione.<br>Per questo chiunque, che abbia competenze in materia o sia invece  soltanto interessato a capirne di pi\u00f9, \u00e8 il benvenuto alle nostre  riunioni, che si terranno al NextEmerson e itineranti in altri spazi liberati fiorentini.<br>Il NextEmerson \u00e8 uno spazio autogestito: ed \u00e8 allergico, proprio come  noi, ai razzisti, ai fascisti, ai sessisti di ogni tipo nonch\u00e9 a ogni  forma di lucro.<\/p>\n\n\n\n<div class=\"wp-block-uagb-advanced-heading uagb-block-db7b0140\"><h4 class=\"uagb-heading-text\"> Altre info e dettagli (datati) &#8212;->  <a href=\"https:\/\/ifdo.noblogs.org\">https:\/\/ifdo.noblogs.org<\/a><\/h4><\/div>\n\n\n\n<div class=\"wp-block-uagb-advanced-heading uagb-block-970cc30e\"><h2 class=\"uagb-heading-text\">Orari<\/h2><\/div>\n\n\n\n<figure class=\"wp-block-table is-style-regular\"><table class=\"has-ast-global-color-8-color has-text-color has-background\" style=\"background-color:#fae705\"><tbody><tr><td><strong>Hacklab<\/strong> <strong>+ Officina<\/strong><\/td><td><strong>Gioved\u00ec alle 19.00<\/strong><\/td><\/tr><\/tbody><\/table><\/figure>\n\n\n\n<div class=\"wp-block-uagb-advanced-heading uagb-block-ade054e8\"><h2 class=\"uagb-heading-text\">Prossimi eventi dell&#8217;Hacklab..<\/h2><\/div>\n\n\n\n\t\t\t<div class=\"wp-block-uagb-post-grid uagb-post-grid  uagb-post__image-position-top uagb-post__image-enabled uagb-block-3454abd5     uagb-post__items uagb-post__columns-3 is-grid uagb-post__columns-tablet-2 uagb-post__columns-mobile-1 uagb-post__equal-height\" data-total=\"3\" style=\"\">\n\n\t\t\t\t\t\t\t\t\t\t\t\t<article class=\"uagb-post__inner-wrap\">\t\t\t\t\t\t\t\t<h4 class=\"uagb-post__title uagb-post__text\">\n\t\t\t\t<a href=\"https:\/\/csaexemerson.org\/index.php\/2025\/09\/25\/lun-06-10-h-21-00-presentazione-di-e-se-i-troll-mangiassero-i-cookie\/\" target=\"_self\" rel=\"bookmark noopener noreferrer\">Lun 06\/10 h 21.00 &#8211; Presentazione di &#8220;E se i troll mangiassero i cookie ?&#8221;<\/a>\n\t\t\t<\/h4>\n\t\t\t\t\t\t<div class='uagb-post__text uagb-post-grid-byline'>\n\t\t\t\t\t\t\t\t<time datetime=\"2025-09-25T17:48:50+02:00\" class=\"uagb-post__date\">\n\t\t\t\t<span class=\"dashicons-calendar dashicons\"><\/span>\t\t\t\t\tSettembre 25, 2025\t\t\t\t<\/time>\n\t\t\t\t\t\t<\/div>\n\t\t\t\t\t\t\t<div class='uagb-post__text uagb-post__excerpt'>\n\t\t\t\t\t<p>Dalle h 21.00 &#8211; Presentazione di &#8220;E se i troll mangiassero i cookie ?&#8221; con&#8230;\t\t\t\t<\/div>\n\t\t\t\t\t\t<div class=\"uagb-post__text uagb-post__cta wp-block-button\">\n\t\t\t\t<a class=\"wp-block-button__link uagb-text-link\" style=\"\" href=\"https:\/\/csaexemerson.org\/index.php\/2025\/09\/25\/lun-06-10-h-21-00-presentazione-di-e-se-i-troll-mangiassero-i-cookie\/\" target=\"_self\" rel=\"bookmark noopener noreferrer\">DETTAGLI<\/a>\n\t\t\t<\/div>\n\t\t\t\n\t\t\t\t\t\t\t\t\t<\/article>\n\t\t\t\t\t\t\t\t\t\t\t\t\t\t\t\t<article class=\"uagb-post__inner-wrap\">\t\t\t\t\t\t\t\t<div class='uagb-post__image'>\n\t\t\t\t\t\t\t\t\t<a href=\"https:\/\/csaexemerson.org\/index.php\/2024\/02\/01\/sab-3-dom-4-febbraio-introduzione-alla-programmazione-funzionale\/\" target=\"_self\" rel=\"bookmark noopener noreferrer\" class='uagb-image-ratio-inherit'><img loading=\"lazy\" decoding=\"async\" width=\"877\" height=\"952\" src=\"https:\/\/csaexemerson.org\/wp-content\/uploads\/2024\/02\/programmazione_funzionale.jpg\" class=\"attachment-full size-full\" alt=\"\" srcset=\"https:\/\/csaexemerson.org\/wp-content\/uploads\/2024\/02\/programmazione_funzionale.jpg 877w, https:\/\/csaexemerson.org\/wp-content\/uploads\/2024\/02\/programmazione_funzionale-276x300.jpg 276w, https:\/\/csaexemerson.org\/wp-content\/uploads\/2024\/02\/programmazione_funzionale-768x834.jpg 768w\" sizes=\"auto, (max-width: 877px) 100vw, 877px\" \/>\t\t\t\t\t<\/a>\n\t\t\t\t\t\t\t<\/div>\n\t\t\t\t\t\t<h4 class=\"uagb-post__title uagb-post__text\">\n\t\t\t\t<a href=\"https:\/\/csaexemerson.org\/index.php\/2024\/02\/01\/sab-3-dom-4-febbraio-introduzione-alla-programmazione-funzionale\/\" target=\"_self\" rel=\"bookmark noopener noreferrer\">Sab 3 + Dom 4 febbraio &#8211; Introduzione alla programmazione funzionale<\/a>\n\t\t\t<\/h4>\n\t\t\t\t\t\t<div class='uagb-post__text uagb-post-grid-byline'>\n\t\t\t\t\t\t\t\t<time datetime=\"2024-02-01T01:00:51+01:00\" class=\"uagb-post__date\">\n\t\t\t\t<span class=\"dashicons-calendar dashicons\"><\/span>\t\t\t\t\tFebbraio 1, 2024\t\t\t\t<\/time>\n\t\t\t\t\t\t<\/div>\n\t\t\t\t\t\t\t<div class='uagb-post__text uagb-post__excerpt'>\n\t\t\t\t\t<p>15:30 &#8211; 19:30 con te&#8217; caldo e biscotti Introduzione alla programmazione funzionale (ovvero, per una&#8230;\t\t\t\t<\/div>\n\t\t\t\t\t\t<div class=\"uagb-post__text uagb-post__cta wp-block-button\">\n\t\t\t\t<a class=\"wp-block-button__link uagb-text-link\" style=\"\" href=\"https:\/\/csaexemerson.org\/index.php\/2024\/02\/01\/sab-3-dom-4-febbraio-introduzione-alla-programmazione-funzionale\/\" target=\"_self\" rel=\"bookmark noopener noreferrer\">DETTAGLI<\/a>\n\t\t\t<\/div>\n\t\t\t\n\t\t\t\t\t\t\t\t\t<\/article>\n\t\t\t\t\t\t\t\t\t\t\t\t\t\t\t\t<article class=\"uagb-post__inner-wrap\">\t\t\t\t\t\t\t\t<div class='uagb-post__image'>\n\t\t\t\t\t\t\t\t\t<a href=\"https:\/\/csaexemerson.org\/index.php\/2023\/03\/06\/mer-15-marzo-nothing-to-hide-2-tails\/\" target=\"_self\" rel=\"bookmark noopener noreferrer\" class='uagb-image-ratio-inherit'><img loading=\"lazy\" decoding=\"async\" width=\"792\" height=\"1123\" src=\"https:\/\/csaexemerson.org\/wp-content\/uploads\/2023\/03\/nothingtohide2.jpg\" class=\"attachment-full size-full\" alt=\"\" srcset=\"https:\/\/csaexemerson.org\/wp-content\/uploads\/2023\/03\/nothingtohide2.jpg 792w, https:\/\/csaexemerson.org\/wp-content\/uploads\/2023\/03\/nothingtohide2-212x300.jpg 212w, https:\/\/csaexemerson.org\/wp-content\/uploads\/2023\/03\/nothingtohide2-722x1024.jpg 722w, https:\/\/csaexemerson.org\/wp-content\/uploads\/2023\/03\/nothingtohide2-768x1089.jpg 768w\" sizes=\"auto, (max-width: 792px) 100vw, 792px\" \/>\t\t\t\t\t<\/a>\n\t\t\t\t\t\t\t<\/div>\n\t\t\t\t\t\t<h4 class=\"uagb-post__title uagb-post__text\">\n\t\t\t\t<a href=\"https:\/\/csaexemerson.org\/index.php\/2023\/03\/06\/mer-15-marzo-nothing-to-hide-2-tails\/\" target=\"_self\" rel=\"bookmark noopener noreferrer\">Mer 15 Marzo &#8211; Nothing To Hide #2 &#8211; Tails<\/a>\n\t\t\t<\/h4>\n\t\t\t\t\t\t<div class='uagb-post__text uagb-post-grid-byline'>\n\t\t\t\t\t\t\t\t<time datetime=\"2023-03-06T21:24:19+01:00\" class=\"uagb-post__date\">\n\t\t\t\t<span class=\"dashicons-calendar dashicons\"><\/span>\t\t\t\t\tMarzo 6, 2023\t\t\t\t<\/time>\n\t\t\t\t\t\t<\/div>\n\t\t\t\t\t\t\t<div class='uagb-post__text uagb-post__excerpt'>\n\t\t\t\t\t<p>Mercoled\u00ec 15 marzo dalle ore 20:00, ifdo hacklab presenta: Nothing to hide #2 \u2013 strumenti&#8230;\t\t\t\t<\/div>\n\t\t\t\t\t\t<div class=\"uagb-post__text uagb-post__cta wp-block-button\">\n\t\t\t\t<a class=\"wp-block-button__link uagb-text-link\" style=\"\" href=\"https:\/\/csaexemerson.org\/index.php\/2023\/03\/06\/mer-15-marzo-nothing-to-hide-2-tails\/\" target=\"_self\" rel=\"bookmark noopener noreferrer\">DETTAGLI<\/a>\n\t\t\t<\/div>\n\t\t\t\n\t\t\t\t\t\t\t\t\t<\/article>\n\t\t\t\t\t\t\t\t\t\t\t\t\t\t\t\t<article class=\"uagb-post__inner-wrap\">\t\t\t\t\t\t\t\t<div class='uagb-post__image'>\n\t\t\t\t\t\t\t\t\t<a href=\"https:\/\/csaexemerson.org\/index.php\/2023\/03\/05\/ven-17-marzo-nothing-to-hide-2\/\" target=\"_self\" rel=\"bookmark noopener noreferrer\" class='uagb-image-ratio-inherit'><img loading=\"lazy\" decoding=\"async\" width=\"792\" height=\"1123\" src=\"https:\/\/csaexemerson.org\/wp-content\/uploads\/2023\/03\/nothingtohide2.jpg\" class=\"attachment-full size-full\" alt=\"\" srcset=\"https:\/\/csaexemerson.org\/wp-content\/uploads\/2023\/03\/nothingtohide2.jpg 792w, https:\/\/csaexemerson.org\/wp-content\/uploads\/2023\/03\/nothingtohide2-212x300.jpg 212w, https:\/\/csaexemerson.org\/wp-content\/uploads\/2023\/03\/nothingtohide2-722x1024.jpg 722w, https:\/\/csaexemerson.org\/wp-content\/uploads\/2023\/03\/nothingtohide2-768x1089.jpg 768w\" sizes=\"auto, (max-width: 792px) 100vw, 792px\" \/>\t\t\t\t\t<\/a>\n\t\t\t\t\t\t\t<\/div>\n\t\t\t\t\t\t<h4 class=\"uagb-post__title uagb-post__text\">\n\t\t\t\t<a href=\"https:\/\/csaexemerson.org\/index.php\/2023\/03\/05\/ven-17-marzo-nothing-to-hide-2\/\" target=\"_self\" rel=\"bookmark noopener noreferrer\">Ven 17 marzo &#8211; Nothing to hide #2<\/a>\n\t\t\t<\/h4>\n\t\t\t\t\t\t<div class='uagb-post__text uagb-post-grid-byline'>\n\t\t\t\t\t\t\t\t<time datetime=\"2023-03-05T18:13:00+01:00\" class=\"uagb-post__date\">\n\t\t\t\t<span class=\"dashicons-calendar dashicons\"><\/span>\t\t\t\t\tMarzo 5, 2023\t\t\t\t<\/time>\n\t\t\t\t\t\t<\/div>\n\t\t\t\t\t\t\t<div class='uagb-post__text uagb-post__excerpt'>\n\t\t\t\t\t<p>Venerd\u00ec 17 marzo dalle ore 20:00, ifdo hacklab presenta: Nothing to hide #2 \u2013 strumenti&#8230;\t\t\t\t<\/div>\n\t\t\t\t\t\t<div class=\"uagb-post__text uagb-post__cta wp-block-button\">\n\t\t\t\t<a class=\"wp-block-button__link uagb-text-link\" style=\"\" href=\"https:\/\/csaexemerson.org\/index.php\/2023\/03\/05\/ven-17-marzo-nothing-to-hide-2\/\" target=\"_self\" rel=\"bookmark noopener noreferrer\">DETTAGLI<\/a>\n\t\t\t<\/div>\n\t\t\t\n\t\t\t\t\t\t\t\t\t<\/article>\n\t\t\t\t\t\t\t\t\t\t\t\t\t\t\t\t<article class=\"uagb-post__inner-wrap\">\t\t\t\t\t\t\t\t<div class='uagb-post__image'>\n\t\t\t\t\t\t\t\t\t<a href=\"https:\/\/csaexemerson.org\/index.php\/2023\/03\/05\/ven-17-marzo-fuug-jambigame\/\" target=\"_self\" rel=\"bookmark noopener noreferrer\" class='uagb-image-ratio-inherit'><img loading=\"lazy\" decoding=\"async\" width=\"543\" height=\"800\" src=\"https:\/\/csaexemerson.org\/wp-content\/uploads\/2023\/03\/17marzo.jpg\" class=\"attachment-full size-full\" alt=\"\" srcset=\"https:\/\/csaexemerson.org\/wp-content\/uploads\/2023\/03\/17marzo.jpg 543w, https:\/\/csaexemerson.org\/wp-content\/uploads\/2023\/03\/17marzo-204x300.jpg 204w\" sizes=\"auto, (max-width: 543px) 100vw, 543px\" \/>\t\t\t\t\t<\/a>\n\t\t\t\t\t\t\t<\/div>\n\t\t\t\t\t\t<h4 class=\"uagb-post__title uagb-post__text\">\n\t\t\t\t<a href=\"https:\/\/csaexemerson.org\/index.php\/2023\/03\/05\/ven-17-marzo-fuug-jambigame\/\" target=\"_self\" rel=\"bookmark noopener noreferrer\">Ven 17 marzo -Fuug + Jambigame<\/a>\n\t\t\t<\/h4>\n\t\t\t\t\t\t<div class='uagb-post__text uagb-post-grid-byline'>\n\t\t\t\t\t\t\t\t<time datetime=\"2023-03-05T18:12:30+01:00\" class=\"uagb-post__date\">\n\t\t\t\t<span class=\"dashicons-calendar dashicons\"><\/span>\t\t\t\t\tMarzo 5, 2023\t\t\t\t<\/time>\n\t\t\t\t\t\t<\/div>\n\t\t\t\t\t\t\t<div class='uagb-post__text uagb-post__excerpt'>\n\t\t\t\t\t<p>ore 20.00 Aperitivo mangereccio ore 21.00 Presentazione Osservatorio Nessuno A seguire Live music con Fuug(Electro,&#8230;\t\t\t\t<\/div>\n\t\t\t\t\t\t<div class=\"uagb-post__text uagb-post__cta wp-block-button\">\n\t\t\t\t<a class=\"wp-block-button__link uagb-text-link\" style=\"\" href=\"https:\/\/csaexemerson.org\/index.php\/2023\/03\/05\/ven-17-marzo-fuug-jambigame\/\" target=\"_self\" rel=\"bookmark noopener noreferrer\">DETTAGLI<\/a>\n\t\t\t<\/div>\n\t\t\t\n\t\t\t\t\t\t\t\t\t<\/article>\n\t\t\t\t\t\t\t\t\t\t\t\t\t\t\t\t<article class=\"uagb-post__inner-wrap\">\t\t\t\t\t\t\t\t<div class='uagb-post__image'>\n\t\t\t\t\t\t\t\t\t<a href=\"https:\/\/csaexemerson.org\/index.php\/2023\/02\/26\/merc-1-marzo-nothing-to-hide-1\/\" target=\"_self\" rel=\"bookmark noopener noreferrer\" class='uagb-image-ratio-inherit'><img loading=\"lazy\" decoding=\"async\" width=\"1122\" height=\"1586\" src=\"https:\/\/csaexemerson.org\/wp-content\/uploads\/2023\/02\/405fc62449727cb26e2a2a8781778540.jpg\" class=\"attachment-full size-full\" alt=\"\" srcset=\"https:\/\/csaexemerson.org\/wp-content\/uploads\/2023\/02\/405fc62449727cb26e2a2a8781778540.jpg 1122w, https:\/\/csaexemerson.org\/wp-content\/uploads\/2023\/02\/405fc62449727cb26e2a2a8781778540-212x300.jpg 212w, https:\/\/csaexemerson.org\/wp-content\/uploads\/2023\/02\/405fc62449727cb26e2a2a8781778540-724x1024.jpg 724w, https:\/\/csaexemerson.org\/wp-content\/uploads\/2023\/02\/405fc62449727cb26e2a2a8781778540-768x1086.jpg 768w, https:\/\/csaexemerson.org\/wp-content\/uploads\/2023\/02\/405fc62449727cb26e2a2a8781778540-1087x1536.jpg 1087w\" sizes=\"auto, (max-width: 1122px) 100vw, 1122px\" \/>\t\t\t\t\t<\/a>\n\t\t\t\t\t\t\t<\/div>\n\t\t\t\t\t\t<h4 class=\"uagb-post__title uagb-post__text\">\n\t\t\t\t<a href=\"https:\/\/csaexemerson.org\/index.php\/2023\/02\/26\/merc-1-marzo-nothing-to-hide-1\/\" target=\"_self\" rel=\"bookmark noopener noreferrer\">Merc 1 marzo &#8211; Nothing to hide #1<\/a>\n\t\t\t<\/h4>\n\t\t\t\t\t\t<div class='uagb-post__text uagb-post-grid-byline'>\n\t\t\t\t\t\t\t\t<time datetime=\"2023-02-26T17:11:25+01:00\" class=\"uagb-post__date\">\n\t\t\t\t<span class=\"dashicons-calendar dashicons\"><\/span>\t\t\t\t\tFebbraio 26, 2023\t\t\t\t<\/time>\n\t\t\t\t\t\t<\/div>\n\t\t\t\t\t\t\t<div class='uagb-post__text uagb-post__excerpt'>\n\t\t\t\t\t<p>Mercoled\u00ec 1 marzo dalle ore 20:00, ifdo hacklab presenta:Nothing to hide #1 &#8211; strumenti per&#8230;\t\t\t\t<\/div>\n\t\t\t\t\t\t<div class=\"uagb-post__text uagb-post__cta wp-block-button\">\n\t\t\t\t<a class=\"wp-block-button__link uagb-text-link\" style=\"\" href=\"https:\/\/csaexemerson.org\/index.php\/2023\/02\/26\/merc-1-marzo-nothing-to-hide-1\/\" target=\"_self\" rel=\"bookmark noopener noreferrer\">DETTAGLI<\/a>\n\t\t\t<\/div>\n\t\t\t\n\t\t\t\t\t\t\t\t\t<\/article>\n\t\t\t\t\t\t\t\t\t\t\t<\/div>\n\t\t\t","protected":false},"excerpt":{"rendered":"<p>HACKLAB IF_DO If_do \u00e8 nato dall\u2019incontro di smanettoni, paranoici, universitari, attivisti politici e curiosi: che cosa ci accomuna e perch\u00e9 abbiamo scelto questo nome? IF: \u00e8 una condizione necessaria e sufficiente, \u00e8 la nostra condizione. Siamo irrequieti, non ci piacciono le soluzioni semplici, ci piace capire come funzionano le cose: siamo affascinati dalla tecnologia e &hellip;<\/p>\n<p class=\"read-more\"> <a class=\"\" href=\"https:\/\/csaexemerson.org\/index.php\/if_do\/\"> <span class=\"screen-reader-text\">If_Do<\/span> Leggi altro &raquo;<\/a><\/p>\n","protected":false},"author":1,"featured_media":0,"parent":0,"menu_order":0,"comment_status":"closed","ping_status":"closed","template":"","meta":{"_uag_custom_page_level_css":"","site-sidebar-layout":"default","site-content-layout":"plain-container","ast-global-header-display":"","ast-main-header-display":"","ast-hfb-above-header-display":"","ast-hfb-below-header-display":"","ast-hfb-mobile-header-display":"","site-post-title":"disabled","ast-breadcrumbs-content":"","ast-featured-img":"","footer-sml-layout":"","theme-transparent-header-meta":"","adv-header-id-meta":"","stick-header-meta":"","header-above-stick-meta":"","header-main-stick-meta":"","header-below-stick-meta":"","footnotes":""},"class_list":["post-2559","page","type-page","status-publish","hentry"],"uagb_featured_image_src":{"full":false,"thumbnail":false,"medium":false,"medium_large":false,"large":false,"1536x1536":false,"2048x2048":false},"uagb_author_info":{"display_name":"next","author_link":"https:\/\/csaexemerson.org\/index.php\/author\/next\/"},"uagb_comment_info":0,"uagb_excerpt":"HACKLAB IF_DO If_do \u00e8 nato dall\u2019incontro di smanettoni, paranoici, universitari, attivisti politici e curiosi: che cosa ci accomuna e perch\u00e9 abbiamo scelto questo nome? IF: \u00e8 una condizione necessaria e sufficiente, \u00e8 la nostra condizione. Siamo irrequieti, non ci piacciono le soluzioni semplici, ci piace capire come funzionano le cose: siamo affascinati dalla tecnologia e&hellip;","_links":{"self":[{"href":"https:\/\/csaexemerson.org\/index.php\/wp-json\/wp\/v2\/pages\/2559","targetHints":{"allow":["GET"]}}],"collection":[{"href":"https:\/\/csaexemerson.org\/index.php\/wp-json\/wp\/v2\/pages"}],"about":[{"href":"https:\/\/csaexemerson.org\/index.php\/wp-json\/wp\/v2\/types\/page"}],"author":[{"embeddable":true,"href":"https:\/\/csaexemerson.org\/index.php\/wp-json\/wp\/v2\/users\/1"}],"replies":[{"embeddable":true,"href":"https:\/\/csaexemerson.org\/index.php\/wp-json\/wp\/v2\/comments?post=2559"}],"version-history":[{"count":4,"href":"https:\/\/csaexemerson.org\/index.php\/wp-json\/wp\/v2\/pages\/2559\/revisions"}],"predecessor-version":[{"id":5362,"href":"https:\/\/csaexemerson.org\/index.php\/wp-json\/wp\/v2\/pages\/2559\/revisions\/5362"}],"wp:attachment":[{"href":"https:\/\/csaexemerson.org\/index.php\/wp-json\/wp\/v2\/media?parent=2559"}],"curies":[{"name":"wp","href":"https:\/\/api.w.org\/{rel}","templated":true}]}}