{"id":4065,"date":"2022-10-30T19:35:28","date_gmt":"2022-10-30T18:35:28","guid":{"rendered":"https:\/\/new.csaexemerson.org\/?page_id=4065"},"modified":"2023-04-02T00:38:24","modified_gmt":"2023-04-01T22:38:24","slug":"csaccessibile","status":"publish","type":"page","link":"https:\/\/csaexemerson.org\/index.php\/csaccessibile\/","title":{"rendered":"CsAccessibile"},"content":{"rendered":"\n<div class=\"wp-block-uagb-advanced-heading uagb-block-26f0477f\"><h1 class=\"uagb-heading-text\">CsAccessibile<\/h1><\/div>\n\n\n\n<div class=\"wp-block-uagb-container uagb-block-5f04ffff alignfull uagb-is-root-container\"><div class=\"uagb-container-inner-blocks-wrap\">\n<h1 class=\"wp-block-heading alignwide\" style=\"margin-top:0;margin-right:0;margin-bottom:0;margin-left:0\">Accessibilit\u00e0&nbsp;&nbsp;&nbsp;&nbsp;&nbsp;&nbsp;&nbsp;&nbsp;<\/h1>\n\n\n\n<p style=\"margin-top:0;margin-right:0;margin-bottom:0;margin-left:0\">Il NextEmerson \u00e8 uno spazio autogestito che parte dal recupero di una vecchia fabbrica abbandonata. Negli anni abbiamo riadattato le strutture meglio che potevamo, utilizzando materiali di recupero, dando nuova vita a mobili e oggetti finiti nel cassonetto, inventando e sperimentando un nostro bizzarro arredamento e gestione dello spazio. Per quanto ci \u00e8 possibile abbiamo cercato di rendere lo spazio comodo per le persone con ridotta mobilit\u00e0 e stiamo da poco iniziando a sperimentare idee per accogliere meglio anche chi ha altre esigenze. Per molte di noi \u00e8 tutto nuovo: abbiate pazienza se i nostri tentativi a volte saranno goffi o non funzionali, e aiutateci segnalandoci cosa potremmo migliorare.<\/p>\n\n\n\n<h2 class=\"wp-block-heading alignwide has-text-align-left\" style=\"margin-top:0;margin-right:0;margin-bottom:0;margin-left:0;text-transform:uppercase\">Lo spazio<\/h2>\n\n\n\n<p style=\"margin-top:0;margin-right:0;margin-bottom:0;margin-left:0\">Il NextEmerson si trova in via di Bellagio 15, a Firenze, nel quartiere di Castello. Via di Bellagio \u00e8 una stradina stretta, trafficata dalle macchine pi\u00f9 di quanto ti aspetteresti.<\/p>\n\n\n\n<h4 class=\"wp-block-heading\" style=\"margin-top:0;margin-right:0;margin-bottom:0;margin-left:0;text-transform:uppercase\">Ingressi esterni<\/h4>\n\n\n\n<p>Si accede allo spazio attraverso vari ingressi:<\/p>\n\n\n\n<p><strong>cancello principale:<\/strong> <br>un grande cancello scorrevole, da cui si arriva in un parcheggio molto spazioso. Una volta dentro il parcheggio si pu\u00f2 entrare subito nel portone principale (non sono presenti scalini, il portone \u00e8 molto largo), oppure proseguire in fondo finch\u00e9 non si trova il portone della Palestra Popolare Sanpietrino (anche qui niente scalini e ingresso molto largo).&nbsp;&nbsp;&nbsp;<\/p>\n\n\n\n<p style=\"margin-top:0;margin-right:0;margin-bottom:0;margin-left:0\"><strong>cancelletto pedonale:<\/strong> <br>se per qualche ragione trovi il cancello principale chiuso, troverai aperto il cancelletto pedonale, poco oltre sulla strada. Si tratta di un cancello pi\u00f9 piccolo, ma abbastanza largo per consentire il passaggio di sedie a rotelle. Non ci sono scalini, ma il terreno asfaltato \u00e8 un po\u2019 sconnesso.&nbsp;&nbsp;&nbsp;<\/p>\n\n\n\n<p style=\"margin-top:0;margin-right:0;margin-bottom:0;margin-left:0\"><strong>l\u2019ingresso del Tango Sognato e del Quilombo:<\/strong> <br>proseguendo ancora su via di Bellagio si arriva a un altro grande cancello carrabile, che conduce a un altro parcheggio pi\u00f9 piccolo. Da qui si accede al Quilombo, uno spazio che d\u2019estate \u00e8 all\u2019aperto, con pista da ballo, tavolini e spazio cinema, e quando fa freddo si trasferisce all\u2019interno. All\u2019interno si accede tramite una porta a doppia anta, con un piccolo scalino.<\/p>\n\n\n\n<h4 class=\"wp-block-heading\" style=\"margin-top:0;margin-right:0;margin-bottom:0;margin-left:0;text-transform:uppercase\">Accesso agli spazi interni<\/h4>\n\n\n\n<p>Il NextEmerson, come abbiamo detto, era una vecchia fabbrica. Consiste quindi di due grandi capannoni industriali, suddivisi in vari ambienti, e di due palazzine di due piani ciascuna. <br>L\u2019accesso alle due palazzine avviene purtroppo soltanto tramite delle rampe di scale abbastanza ripide, non sono presenti ascensori. Se hai bisogno di accedere a questi spazi e ti trovi in difficolt\u00e0 puoi rivolgerti all\u2019ingresso e troveremo insieme una soluzione.  <br>All\u2019interno della palazzina principale si trovano: cucina, hacklab, sala prove e sala di registrazione, biblioteca, foresteria. All\u2019interno della palazzina dello spazio Tango, stiamo allestendo un atelier di cucito.<br>Eccetto le palazzine, tutti gli altri ambienti non presentano scalini o ostacoli, tranne quelli temporanei che potrebbe creare il nostro impunito disordine.<br>Il giardino ha un ingresso e delle zone in cemento, e altre di manto erboso. Il terreno pu\u00f2 risultare un po\u2019 accidentato.<\/p>\n\n\n\n<h2 class=\"wp-block-heading\" style=\"margin-top:0;margin-right:0;margin-bottom:0;margin-left:0;text-transform:uppercase\">Le attivit\u00e0<\/h2>\n\n\n\n<p style=\"margin-top:0;margin-right:0;margin-bottom:0;margin-left:0\">L\u2019accesso a tutte le nostre attivit\u00e0 \u00e8 libero e gratuito. L\u2019atmosfera che troverai dipender\u00e0 molto dal tipo di cosa che stai venendo a fare, le attivit\u00e0 dentro il NextEmerson sono moltissime e variegate.&nbsp;<\/p>\n\n\n\n<h4 class=\"wp-block-heading\" style=\"margin-top:0;margin-right:0;margin-bottom:0;margin-left:0;text-transform:uppercase\">Musica live<\/h4>\n\n\n\n<p>A seconda della stagione e del tipo di concerto, i live si svolgono generalmente all\u2019aperto in giardino (in estate) o all\u2019interno.<br>All\u2019interno abbiamo due sale concerti: una piccola (il bistrot) e l\u2019altra enorme. Il bistrot \u00e8 piccolo, appunto, le luci sono basse, la musica \u00e8 a un volume molto alto e se ci sono molte persone non \u00e8 spesso possibile mantenere le distanze.<br>La sala concerti enorme viene usata soltanto quando si prevedono molte persone. Durante il live le luci sono basse, il volume \u00e8 generalmente alto, potrebbero esserci giochi di luci intermittenti e macchine del fumo.<br>Durante le serate affollate (festival, grandi concerti e dj-set), potrebbe essere difficile trovare degli ambienti isolati dove riposarsi. I piccoli concerti invece coinvolgono generalmente solo una parte dell\u2019intero spazio, per cui \u00e8 possibile scegliere di non stare sempre in mezzo alle altre persone.<br>Se vuoi partecipare a una serata, ma sei in dubbio perch\u00e9 temi un ambiente affollato, scrivici a <strong>emerson@inventati.org<\/strong> e ti aiuteremo a farti un\u2019idea pi\u00f9 precisa.<\/p>\n\n\n\n<h4 class=\"wp-block-heading\" style=\"margin-top:0;margin-right:0;margin-bottom:0;margin-left:0;text-transform:uppercase\">Tango<\/h4>\n\n\n\n<p style=\"margin-top:0;margin-right:0;margin-bottom:0;margin-left:0\">L\u2019accesso ai corsi di tango \u00e8 limitato alle persone partecipanti. Si tratta in genere di un numero ristretto, e l\u2019ambiente \u00e8 molto spazioso.<\/p>\n\n\n\n<h2 class=\"wp-block-heading\" style=\"margin-top:0;margin-right:0;margin-bottom:0;margin-left:0;text-transform:uppercase\">Cucina<\/h2>\n\n\n\n<p>Molto spesso la nostra cucina \u00e8 vegana o vegetariana. Quando cos\u00ec non fosse, troverai sempre un\u2019alternativa vegana. <br>Se hai intolleranze o allergie particolari, faccelo sapere con un buon anticipo: cucinare per molte persone \u00e8 complesso, aiutaci a organizzarci per tempo.<br>Siamo disordinate e caotici: non ci sentiamo di poterti garantire la sicurezza che meriti, in caso tu soffra seriamente di celiachia. La nostra cucina per\u00f2 \u00e8 aperta se vuoi portarti le tue cose e cucinarle. Altrimenti avvertici con molto anticipo e troveremo insieme una soluzione.<\/p>\n\n\n\n<h2 class=\"wp-block-heading\" style=\"margin-top:0;margin-right:0;margin-bottom:0;margin-left:0;text-transform:uppercase\">Dormire<\/h2>\n\n\n\n<p style=\"margin-top:0;margin-right:0;margin-bottom:0;margin-left:0\">Apparte casi eccezionali, non siamo attrezzati per ospitare a dormire.<\/p>\n\n\n\n<h2 class=\"wp-block-heading\" style=\"margin-top:0;margin-right:0;margin-bottom:0;margin-left:0;text-transform:uppercase\">Bagni<\/h2>\n\n\n\n<p style=\"margin-top:0;margin-right:0;margin-bottom:0;margin-left:0\">La pulizia dei cessi \u00e8 un punto nodale dell\u2019autogestione.<br>Siamo estremamente orgogliosi del nostro nuovo bagno accessibile autocostruito.<\/p>\n\n\n\n<figure class=\"wp-block-gallery has-nested-images columns-default is-cropped wp-block-gallery-1 is-layout-flex wp-block-gallery-is-layout-flex\">\n<figure class=\"wp-block-image size-large\"><img loading=\"lazy\" decoding=\"async\" width=\"1024\" height=\"768\" data-id=\"3753\" src=\"https:\/\/new.csaexemerson.org\/wp-content\/uploads\/2022\/04\/20220405_172457-1024x768.jpg\" alt=\"\" class=\"wp-image-3753\" srcset=\"https:\/\/csaexemerson.org\/wp-content\/uploads\/2022\/04\/20220405_172457-1024x768.jpg 1024w, https:\/\/csaexemerson.org\/wp-content\/uploads\/2022\/04\/20220405_172457-300x225.jpg 300w, https:\/\/csaexemerson.org\/wp-content\/uploads\/2022\/04\/20220405_172457-768x576.jpg 768w, https:\/\/csaexemerson.org\/wp-content\/uploads\/2022\/04\/20220405_172457.jpg 1067w\" sizes=\"auto, (max-width: 1024px) 100vw, 1024px\" \/><\/figure>\n\n\n\n<figure class=\"wp-block-image size-large\"><img loading=\"lazy\" decoding=\"async\" width=\"1024\" height=\"768\" data-id=\"3752\" src=\"https:\/\/new.csaexemerson.org\/wp-content\/uploads\/2022\/04\/20220405_172450-1024x768.jpg\" alt=\"\" class=\"wp-image-3752\" srcset=\"https:\/\/csaexemerson.org\/wp-content\/uploads\/2022\/04\/20220405_172450-1024x768.jpg 1024w, https:\/\/csaexemerson.org\/wp-content\/uploads\/2022\/04\/20220405_172450-300x225.jpg 300w, https:\/\/csaexemerson.org\/wp-content\/uploads\/2022\/04\/20220405_172450-768x576.jpg 768w, https:\/\/csaexemerson.org\/wp-content\/uploads\/2022\/04\/20220405_172450.jpg 1067w\" sizes=\"auto, (max-width: 1024px) 100vw, 1024px\" \/><\/figure>\n\n\n\n<figure class=\"wp-block-image size-large\"><img loading=\"lazy\" decoding=\"async\" width=\"1024\" height=\"768\" data-id=\"3751\" src=\"https:\/\/new.csaexemerson.org\/wp-content\/uploads\/2022\/04\/20220405_172432-1024x768.jpg\" alt=\"\" class=\"wp-image-3751\" srcset=\"https:\/\/csaexemerson.org\/wp-content\/uploads\/2022\/04\/20220405_172432-1024x768.jpg 1024w, https:\/\/csaexemerson.org\/wp-content\/uploads\/2022\/04\/20220405_172432-300x225.jpg 300w, https:\/\/csaexemerson.org\/wp-content\/uploads\/2022\/04\/20220405_172432-768x576.jpg 768w, https:\/\/csaexemerson.org\/wp-content\/uploads\/2022\/04\/20220405_172432.jpg 1067w\" sizes=\"auto, (max-width: 1024px) 100vw, 1024px\" \/><\/figure>\n\n\n\n<figure class=\"wp-block-image size-large\"><img loading=\"lazy\" decoding=\"async\" width=\"768\" height=\"1024\" data-id=\"3750\" src=\"https:\/\/new.csaexemerson.org\/wp-content\/uploads\/2022\/04\/20220405_172419-768x1024.jpg\" alt=\"\" class=\"wp-image-3750\" srcset=\"https:\/\/csaexemerson.org\/wp-content\/uploads\/2022\/04\/20220405_172419-768x1024.jpg 768w, https:\/\/csaexemerson.org\/wp-content\/uploads\/2022\/04\/20220405_172419-225x300.jpg 225w, https:\/\/csaexemerson.org\/wp-content\/uploads\/2022\/04\/20220405_172419.jpg 800w\" sizes=\"auto, (max-width: 768px) 100vw, 768px\" \/><\/figure>\n\n\n\n<figure class=\"wp-block-image size-large\"><img loading=\"lazy\" decoding=\"async\" width=\"1024\" height=\"768\" data-id=\"3749\" src=\"https:\/\/new.csaexemerson.org\/wp-content\/uploads\/2022\/04\/20220405_172408-1024x768.jpg\" alt=\"\" class=\"wp-image-3749\" srcset=\"https:\/\/csaexemerson.org\/wp-content\/uploads\/2022\/04\/20220405_172408-1024x768.jpg 1024w, https:\/\/csaexemerson.org\/wp-content\/uploads\/2022\/04\/20220405_172408-300x225.jpg 300w, https:\/\/csaexemerson.org\/wp-content\/uploads\/2022\/04\/20220405_172408-768x576.jpg 768w, https:\/\/csaexemerson.org\/wp-content\/uploads\/2022\/04\/20220405_172408.jpg 1067w\" sizes=\"auto, (max-width: 1024px) 100vw, 1024px\" \/><\/figure>\n\n\n\n<figure class=\"wp-block-image size-full\"><img loading=\"lazy\" decoding=\"async\" width=\"1067\" height=\"800\" data-id=\"3748\" src=\"https:\/\/new.csaexemerson.org\/wp-content\/uploads\/2022\/04\/20220405_172400.jpg\" alt=\"\" class=\"wp-image-3748\" srcset=\"https:\/\/csaexemerson.org\/wp-content\/uploads\/2022\/04\/20220405_172400.jpg 1067w, https:\/\/csaexemerson.org\/wp-content\/uploads\/2022\/04\/20220405_172400-300x225.jpg 300w, https:\/\/csaexemerson.org\/wp-content\/uploads\/2022\/04\/20220405_172400-1024x768.jpg 1024w, https:\/\/csaexemerson.org\/wp-content\/uploads\/2022\/04\/20220405_172400-768x576.jpg 768w\" sizes=\"auto, (max-width: 1067px) 100vw, 1067px\" \/><\/figure>\n<\/figure>\n\n\n\n<p>All\u2019interno del NextEmerson ci sono 7 bagni e 2 orinatoi. All\u2019interno del capannone principale abbiamo costruito un bagno accessibile e molto confortevole, per accedervi si deve chiedere la chiave al bar. <br>Adiacenti a questo bagno ci sono altri due bagni alla turca, con porta stretta, e due orinatoi. Di fronte agli orinatoi c\u2019\u00e8 un piccolo lavandino. <br>Altri due bagni si trovano rispettivamente all\u2019ultimo piano di ciascuna palazzina, accesso solo tramite scale.<br>Nella zona Tango e Quilombo ci sono due bagni confortevoli con entrata larga.<br>Tutti i bagni del NextEmerson sono gender neutral.<br>Abbiamo 3 docce, comprensive di spogliatoi. Si trovano nelle vicinanze della palestra e necessitano di essere attivate prima di usarle. Le troverai attive se vieni negli orari della palestra.<\/p>\n\n\n\n<h2 class=\"wp-block-heading\" style=\"margin-top:0;margin-right:0;margin-bottom:0;margin-left:0;text-transform:uppercase\">Modalit\u00e0 aereo<\/h2>\n\n\n\n<p>A volte si pu\u00f2 aver bisogno di staccare dalle relazioni con le altre persone. Vorremmo attrezzare uno spazio dove poter stare in solitudine quando se ne sente il bisogno.<br>Ancora non abbiamo individuato il luogo giusto, accessibile in ogni tipo di serata. Se non lo trovi segnalato, chiedi all\u2019ingresso, potremmo averne individuato uno temporaneo per quella specifica serata.<br>Per il momento puoi trovare degli strumenti di transizione, stim toys e giocattoli sensoriali nel bagno accessibile.<\/p>\n\n\n\n<h2 class=\"wp-block-heading\" style=\"margin-top:var(--wp--preset--spacing--20);margin-right:var(--wp--preset--spacing--20);margin-bottom:var(--wp--preset--spacing--20);margin-left:var(--wp--preset--spacing--20);text-transform:uppercase\">Clima<\/h2>\n\n\n\n<p>Lo ammettiamo: esiste circa solo un mese l\u2019anno nel quale si sta bene dentro al NextEmerson. Se non incappi in quel mese potresti facilmente soffrire un gran caldo o un freddo gelido. <br>Nei mesi caldi si accaniscono anche le zanzare. Ma sul posto troverai sempre dello spray chimico a disposizione per allontanarle dalla tua pelle.<br>Quando \u00e8 estate le iniziative all\u2019aperto potrebbero comportare di esporsi al sole, sia in giardino che allo spazio Quilombo per\u00f2 ci sono aree ombreggiate dove trovare riparo.<\/p>\n\n\n\n<h2 class=\"wp-block-heading\" style=\"margin-top:0;margin-right:0;margin-bottom:0;margin-left:0;text-transform:uppercase\">Fumo<\/h2>\n\n\n\n<p style=\"margin-top:0;margin-right:0;margin-bottom:0;margin-left:0\">Chiediamo a chi fuma di non imporsi sulle altre persone e di uscire fuori a fumare. Nonostante ci\u00f2 potresti trovare che questa richiesta non venga rispettata, specie durante le serate molto affollate. Far rispettare il diritto ai polmoni liberi \u00e8 una strada in salita, ma abbiamo fiducia che piano piano ce la faremo. Durante le serate pi\u00f9 piccole, dati gli ampi spazi, l\u2019aria generalmente non si satura e si respira bene.<\/p>\n\n\n\n<h2 class=\"wp-block-heading\" style=\"margin-top:0;margin-right:0;margin-bottom:0;margin-left:0;text-transform:uppercase\">Cani da assistenza<\/h2>\n\n\n\n<p style=\"margin-top:0;margin-right:0;margin-bottom:0;margin-left:0\">Se hai un cane che ti accompagna \u00e8 il benvenuto. Trover\u00e0 acqua e probabilmente altri cani con cui giocare. Se quest\u2019ultima cosa dovesse essere un problema segnalacelo all\u2019ingresso e cercheremo di limitare l\u2019eventuale invadenza degli altri cani.<\/p>\n\n\n\n<h2 class=\"wp-block-heading\" style=\"margin-top:0;margin-right:0;margin-bottom:0;margin-left:0;text-transform:uppercase\">Altre info<\/h2>\n\n\n\n<p>Nello spazio saranno presenti un po\u2019 ovunque prese per ricaricare qualunque dispositivo. Per qualsiasi altra informazione o necessit\u00e0 che non stiamo considerando, puoi rivolgerti all\u2019ingresso o a chiunque di noi.<\/p>\n<\/div><\/div>\n","protected":false},"excerpt":{"rendered":"<p>CsAccessibile Accessibilit\u00e0&nbsp;&nbsp;&nbsp;&nbsp;&nbsp;&nbsp;&nbsp;&nbsp; Il NextEmerson \u00e8 uno spazio autogestito che parte dal recupero di una vecchia fabbrica abbandonata. Negli anni abbiamo riadattato le strutture meglio che potevamo, utilizzando materiali di recupero, dando nuova vita a mobili e oggetti finiti nel cassonetto, inventando e sperimentando un nostro bizzarro arredamento e gestione dello spazio. Per quanto ci \u00e8 &hellip;<\/p>\n<p class=\"read-more\"> <a class=\"\" href=\"https:\/\/csaexemerson.org\/index.php\/csaccessibile\/\"> <span class=\"screen-reader-text\">CsAccessibile<\/span> Leggi altro &raquo;<\/a><\/p>\n","protected":false},"author":1,"featured_media":0,"parent":0,"menu_order":0,"comment_status":"closed","ping_status":"closed","template":"","meta":{"_uag_custom_page_level_css":"","site-sidebar-layout":"default","site-content-layout":"default","ast-global-header-display":"","ast-main-header-display":"","ast-hfb-above-header-display":"","ast-hfb-below-header-display":"","ast-hfb-mobile-header-display":"","site-post-title":"disabled","ast-breadcrumbs-content":"","ast-featured-img":"","footer-sml-layout":"","theme-transparent-header-meta":"","adv-header-id-meta":"","stick-header-meta":"","header-above-stick-meta":"","header-main-stick-meta":"","header-below-stick-meta":"","footnotes":""},"class_list":["post-4065","page","type-page","status-publish","hentry"],"uagb_featured_image_src":{"full":false,"thumbnail":false,"medium":false,"medium_large":false,"large":false,"1536x1536":false,"2048x2048":false},"uagb_author_info":{"display_name":"next","author_link":"https:\/\/csaexemerson.org\/index.php\/author\/next\/"},"uagb_comment_info":0,"uagb_excerpt":"CsAccessibile Accessibilit\u00e0&nbsp;&nbsp;&nbsp;&nbsp;&nbsp;&nbsp;&nbsp;&nbsp; Il NextEmerson \u00e8 uno spazio autogestito che parte dal recupero di una vecchia fabbrica abbandonata. Negli anni abbiamo riadattato le strutture meglio che potevamo, utilizzando materiali di recupero, dando nuova vita a mobili e oggetti finiti nel cassonetto, inventando e sperimentando un nostro bizzarro arredamento e gestione dello spazio. Per quanto ci \u00e8&hellip;","_links":{"self":[{"href":"https:\/\/csaexemerson.org\/index.php\/wp-json\/wp\/v2\/pages\/4065","targetHints":{"allow":["GET"]}}],"collection":[{"href":"https:\/\/csaexemerson.org\/index.php\/wp-json\/wp\/v2\/pages"}],"about":[{"href":"https:\/\/csaexemerson.org\/index.php\/wp-json\/wp\/v2\/types\/page"}],"author":[{"embeddable":true,"href":"https:\/\/csaexemerson.org\/index.php\/wp-json\/wp\/v2\/users\/1"}],"replies":[{"embeddable":true,"href":"https:\/\/csaexemerson.org\/index.php\/wp-json\/wp\/v2\/comments?post=4065"}],"version-history":[{"count":7,"href":"https:\/\/csaexemerson.org\/index.php\/wp-json\/wp\/v2\/pages\/4065\/revisions"}],"predecessor-version":[{"id":4575,"href":"https:\/\/csaexemerson.org\/index.php\/wp-json\/wp\/v2\/pages\/4065\/revisions\/4575"}],"wp:attachment":[{"href":"https:\/\/csaexemerson.org\/index.php\/wp-json\/wp\/v2\/media?parent=4065"}],"curies":[{"name":"wp","href":"https:\/\/api.w.org\/{rel}","templated":true}]}}