{"id":45,"date":"2014-03-24T18:04:54","date_gmt":"2014-03-24T17:04:54","guid":{"rendered":"http:\/\/www.csaexemerson.it\/next\/?page_id=45"},"modified":"2023-04-12T00:59:52","modified_gmt":"2023-04-11T22:59:52","slug":"contatti","status":"publish","type":"page","link":"https:\/\/csaexemerson.org\/index.php\/contatti\/","title":{"rendered":"Contatti"},"content":{"rendered":"\n<h2 class=\"wp-block-heading\"><strong>Assemblea<\/strong><\/h2>\n\n\n\n<p>L&#8217;assemblea di gestione \u00e8 il momento e il luogo in cui prendiamo tutte le decisioni che riguardano la quotidianit\u00e0 del nostro spazio. Non amiamo creare deleghe n\u00e9 divisioni, per cui all&#8217;assemblea si discute dalla programmazione ai lavori di ristrutturazione, dalla pulizia dei bagni alle lotte politiche&#8230; <br>Se vuoi partecipare, informarti, aiutare, comunicare con noi, passa in assemblea il <strong>MARTED\u00cc DALLE 19.30<\/strong>.<\/p>\n\n\n\n<h2 class=\"wp-block-heading\"><strong>E-mail<\/strong><\/h2>\n\n\n\n<p>Per altri contatti e\/o info scrivi a:<\/p>\n\n\n\n<p><em><strong>emerson@inventati.org<\/strong><\/em><\/p>\n\n\n\n<h2 class=\"wp-block-heading\"><strong>NewsLetter<\/strong><\/h2>\n\n\n\n<p>Puoi iscriverti alla nostra newsletter <a rel=\"noreferrer noopener\" href=\"https:\/\/www.autistici.org\/mailman\/listinfo\/emerson_news\" target=\"_blank\">QUI<\/a> per ricevere via mail le notizie dal NextEmerson.<\/p>\n\n\n\n<h2 class=\"wp-block-heading\"><strong>Twitter<\/strong><\/h2>\n\n\n\n<p>No, il NextEmerson non ha una pagina Facebook e non apprezza neanche gli altri canali social.<br>Tuttavia facciamo uno strappo alla regola e ci concediamo <a rel=\"noreferrer noopener\" href=\"https:\/\/twitter.com\/csanextemerson\" target=\"_blank\">Twitter<\/a>.<\/p>\n\n\n\n<h2 class=\"wp-block-heading\"><strong>Programmazione<\/strong><\/h2>\n\n\n\n<h4 class=\"wp-block-heading\">Cose da sapere prima di scrivere per chiederci di organizzare una serata o un concerto.<\/h4>\n\n\n\n<p>Per il NextEmerson la musica ha una grande importanza, in particolare la musica che si muove al di fuori dell\u2019area commerciale, spinta dalla passione e non dal lucro. Organizziamo molti concerti e serate ogni mese, disponiamo di due sale concerti, una pi\u00f9 grande da circa 500\/600 persone, per le serate pi\u00f9 grandi e una pi\u00f9 piccola per circa 50 persone, per le serate pi\u00f9 \u201cintime\u201d. D&#8217;estate e quando \u00e8 necessario, abbiamo attrezzato per i live anche un giardino all&#8217;aperto. In quest&#8217;ultimo spazio non possiamo protrarre la musica fino a tardi, per non disturbare le case vicine. <br>Negli anni abbiamo cercato di (in)sonorizzare gli spazi meglio che riuscivamo: si tratta pur sempre di una vecchia fabbrica dismessa, con il suo fascino e i suoi difetti.<\/p>\n\n\n\n<p>Per proporre una serata \u00e8 sufficiente passare in assemblea il marted\u00ec sera a parlare della propria idea. Se non vivi a Firenze scrivici alla mail di cui sopra, ma tieni presente che siamo molto lenti e indaffarate: potremmo non risponderti in tempi umani.<\/p>\n\n\n\n<p>I gruppi che ospitiamo si muovono nell\u2019ottica del rimborso spese, del suonare per passione e non per soldi, per questo tutte le serate sono a ingresso a sottoscrizione libera oppure completamente gratuite. Ai gruppi non viene corrisposto un cach\u00e9, ma un rimborso per le spese di viaggio o eventuali affitti di materiale.<br>Parte dei pochi soldi che entrano nelle nostre casse vengono reinvestiti nella coproduzione di progetti musicali non commerciali, autoprodotti dalle diverse scene underground: chiedici aiuto per co-produrre il tuo disco, registrarlo o diffonderlo.<\/p>\n\n\n\n<p>Per avere un\u2019idea della nostra proposta musicale puoi dare un\u2019occhiata al sito, dove troverai l&#8217;enorme archivio di tutti i musicisti e le musiciste che sono passate dalle nostre parti in questi anni. Alcuni live vengono trasmessi su <a rel=\"noreferrer noopener\" href=\"https:\/\/radiowombat.net\" target=\"_blank\">Radio Wombat<\/a> e puoi riascoltarli in podcast. Non amiamo il copyright: se vuoi venire a filmare o registrare un gruppo che ti interessa per poi mettere in circolazione liberamente il materiale, noi siamo felici. Non dare per\u00f2 per scontato che chi ti sta intorno abbia piacere di finire nei tuoi video, chiedi il consenso alle persone che includerai nelle riprese, oppure metti in conto che potresti ricevere una rospata.<\/p>\n\n\n\n<p>Ai gruppi che vogliono venire a suonare non chiediamo nessuna demo, ne\u2019 presentazione di sorta. Una citta\u2019 come questa, dove e\u2019 sempre stato difficile suonare, vogliamo che ognuno senta il palco dell\u2019emerson come il proprio. Chiediamo pero\u2019 un\u2019affinita\u2019 e una complicita\u2019 di base nel modo di concepire la musica e il mondo. Per proporre una serata e\u2019 necessario passare il Martedi\u2019 sera, verso le 19.30, all\u2019assemblea di gestione.<br>Il NextEmerson va avanti per lo sforzo volontario di chi sceglie di investire il proprio tempo nella gestione del posto. Se ti sembra che manchi qualcosa al Csa, che il posto non sia rifinito e pulito di tutto punto non serve lamentarsi con i gestori del locale, perche\u2019 il gestore non c\u2019e\u2019. Serve che ti rimbocchi le maniche e ci aiuti a colmare le lacune che intravedi. Proporre una serata non significa solo venire a suonare, ma contribuire concretamente alla vita del posto a partire dalle pulizie, dall\u2019organizzazione logistica, ecc\u2026 <\/p>\n\n\n\n<p>L\u2019autogestione non e\u2019 il modo piu\u2019 semplice per fare le cose, anzi e\u2019 il piu\u2019 faticoso, ma e\u2019 anche l\u2019unico che ci interessa.<\/p>\n\n\n\n<section class=\"wp-block-uagb-columns uagb-columns__wrap uagb-columns__background-none uagb-columns__stack-mobile uagb-columns__valign-center uagb-columns__gap-10 alignwide uagb-block-f76393b3 uagb-columns__columns-2 uagb-columns__max_width-theme\"><div class=\"uagb-columns__overlay\"><\/div><div class=\"uagb-columns__inner-wrap uagb-columns__columns-2\">\n<div class=\"wp-block-uagb-column uagb-column__wrap uagb-column__background-undefined uagb-block-af6284eb\"><div class=\"uagb-column__overlay\"><\/div>\n<figure class=\"wp-block-image alignright size-full is-resized\"><img loading=\"lazy\" decoding=\"async\" src=\"https:\/\/new.csaexemerson.org\/wp-content\/uploads\/2021\/05\/logo_nextemerson.png\" alt=\"\" class=\"wp-image-3306\" width=\"178\" height=\"178\" srcset=\"https:\/\/csaexemerson.org\/wp-content\/uploads\/2021\/05\/logo_nextemerson.png 945w, https:\/\/csaexemerson.org\/wp-content\/uploads\/2021\/05\/logo_nextemerson-300x300.png 300w, https:\/\/csaexemerson.org\/wp-content\/uploads\/2021\/05\/logo_nextemerson-150x150.png 150w, https:\/\/csaexemerson.org\/wp-content\/uploads\/2021\/05\/logo_nextemerson-768x767.png 768w, https:\/\/csaexemerson.org\/wp-content\/uploads\/2021\/05\/logo_nextemerson-80x80.png 80w\" sizes=\"auto, (max-width: 178px) 100vw, 178px\" \/><\/figure>\n<\/div>\n\n\n\n<div class=\"wp-block-uagb-column uagb-column__wrap uagb-column__background-undefined uagb-block-906a2ee9\"><div class=\"uagb-column__overlay\"><\/div>\n<figure class=\"wp-block-image alignleft size-full\"><img loading=\"lazy\" decoding=\"async\" width=\"178\" height=\"178\" src=\"https:\/\/new.csaexemerson.org\/wp-content\/uploads\/2021\/10\/love-music-fight-fascism.png\" alt=\"\" class=\"wp-image-3382\" srcset=\"https:\/\/csaexemerson.org\/wp-content\/uploads\/2021\/10\/love-music-fight-fascism.png 178w, https:\/\/csaexemerson.org\/wp-content\/uploads\/2021\/10\/love-music-fight-fascism-150x150.png 150w\" sizes=\"auto, (max-width: 178px) 100vw, 178px\" \/><\/figure>\n<\/div>\n<\/div><\/section>\n","protected":false},"excerpt":{"rendered":"<p>Assemblea L&#8217;assemblea di gestione \u00e8 il momento e il luogo in cui prendiamo tutte le decisioni che riguardano la quotidianit\u00e0 del nostro spazio. Non amiamo creare deleghe n\u00e9 divisioni, per cui all&#8217;assemblea si discute dalla programmazione ai lavori di ristrutturazione, dalla pulizia dei bagni alle lotte politiche&#8230; Se vuoi partecipare, informarti, aiutare, comunicare con noi, &hellip;<\/p>\n<p class=\"read-more\"> <a class=\"\" href=\"https:\/\/csaexemerson.org\/index.php\/contatti\/\"> <span class=\"screen-reader-text\">Contatti<\/span> Leggi altro &raquo;<\/a><\/p>\n","protected":false},"author":1,"featured_media":0,"parent":0,"menu_order":0,"comment_status":"closed","ping_status":"closed","template":"","meta":{"_uag_custom_page_level_css":"","site-sidebar-layout":"default","site-content-layout":"plain-container","ast-global-header-display":"","ast-main-header-display":"","ast-hfb-above-header-display":"","ast-hfb-below-header-display":"","ast-hfb-mobile-header-display":"","site-post-title":"","ast-breadcrumbs-content":"","ast-featured-img":"","footer-sml-layout":"","theme-transparent-header-meta":"default","adv-header-id-meta":"","stick-header-meta":"","header-above-stick-meta":"","header-main-stick-meta":"","header-below-stick-meta":"","footnotes":""},"class_list":["post-45","page","type-page","status-publish","hentry"],"uagb_featured_image_src":{"full":false,"thumbnail":false,"medium":false,"medium_large":false,"large":false,"1536x1536":false,"2048x2048":false},"uagb_author_info":{"display_name":"next","author_link":"https:\/\/csaexemerson.org\/index.php\/author\/next\/"},"uagb_comment_info":6,"uagb_excerpt":"Assemblea L&#8217;assemblea di gestione \u00e8 il momento e il luogo in cui prendiamo tutte le decisioni che riguardano la quotidianit\u00e0 del nostro spazio. Non amiamo creare deleghe n\u00e9 divisioni, per cui all&#8217;assemblea si discute dalla programmazione ai lavori di ristrutturazione, dalla pulizia dei bagni alle lotte politiche&#8230; Se vuoi partecipare, informarti, aiutare, comunicare con noi,&hellip;","_links":{"self":[{"href":"https:\/\/csaexemerson.org\/index.php\/wp-json\/wp\/v2\/pages\/45","targetHints":{"allow":["GET"]}}],"collection":[{"href":"https:\/\/csaexemerson.org\/index.php\/wp-json\/wp\/v2\/pages"}],"about":[{"href":"https:\/\/csaexemerson.org\/index.php\/wp-json\/wp\/v2\/types\/page"}],"author":[{"embeddable":true,"href":"https:\/\/csaexemerson.org\/index.php\/wp-json\/wp\/v2\/users\/1"}],"replies":[{"embeddable":true,"href":"https:\/\/csaexemerson.org\/index.php\/wp-json\/wp\/v2\/comments?post=45"}],"version-history":[{"count":5,"href":"https:\/\/csaexemerson.org\/index.php\/wp-json\/wp\/v2\/pages\/45\/revisions"}],"predecessor-version":[{"id":4587,"href":"https:\/\/csaexemerson.org\/index.php\/wp-json\/wp\/v2\/pages\/45\/revisions\/4587"}],"wp:attachment":[{"href":"https:\/\/csaexemerson.org\/index.php\/wp-json\/wp\/v2\/media?parent=45"}],"curies":[{"name":"wp","href":"https:\/\/api.w.org\/{rel}","templated":true}]}}