{"id":8,"date":"2014-03-17T10:27:30","date_gmt":"2014-03-17T09:27:30","guid":{"rendered":"http:\/\/www.csaexemerson.it\/next\/?page_id=8"},"modified":"2026-03-03T20:21:26","modified_gmt":"2026-03-03T19:21:26","slug":"palestra","status":"publish","type":"page","link":"https:\/\/csaexemerson.org\/index.php\/palestra\/","title":{"rendered":"Palestra"},"content":{"rendered":"\n<div class=\"wp-block-uagb-advanced-heading uagb-block-c8f58b86\"><h1 class=\"uagb-heading-text\">PALESTRA POPOLARE SANPIETRINO<\/h1><p class=\"uagb-desc-text\">Dal 2001<\/p><\/div>\n\n\n\n<div class=\"wp-block-media-text alignwide is-stacked-on-mobile has-ast-global-color-5-color has-text-color\" style=\"grid-template-columns:40% auto\"><figure class=\"wp-block-media-text__media\"><img loading=\"lazy\" decoding=\"async\" width=\"1024\" height=\"1024\" src=\"https:\/\/csaexemerson.org\/wp-content\/uploads\/2024\/11\/WhatsApp-Image-2024-11-29-at-10.37.03-1024x1024.jpeg\" alt=\"\" class=\"wp-image-5140 size-full\" srcset=\"https:\/\/csaexemerson.org\/wp-content\/uploads\/2024\/11\/WhatsApp-Image-2024-11-29-at-10.37.03-1024x1024.jpeg 1024w, https:\/\/csaexemerson.org\/wp-content\/uploads\/2024\/11\/WhatsApp-Image-2024-11-29-at-10.37.03-300x300.jpeg 300w, https:\/\/csaexemerson.org\/wp-content\/uploads\/2024\/11\/WhatsApp-Image-2024-11-29-at-10.37.03-150x150.jpeg 150w, https:\/\/csaexemerson.org\/wp-content\/uploads\/2024\/11\/WhatsApp-Image-2024-11-29-at-10.37.03-768x768.jpeg 768w, https:\/\/csaexemerson.org\/wp-content\/uploads\/2024\/11\/WhatsApp-Image-2024-11-29-at-10.37.03.jpeg 1063w\" sizes=\"auto, (max-width: 1024px) 100vw, 1024px\" \/><\/figure><div class=\"wp-block-media-text__content\">\n<p class=\"has-ast-global-color-5-color has-text-color\">Qui di seguito gli orari dei corsi in palestra per <strong>l&#8217;anno 2025\/2026<\/strong>. Se avete bisogno di informazioni o volete passarci a trovare basta venire in un giorno qualsiasi in cui vi sia un corso negli orari indicati,<strong>non chiedete informazioni nei commenti o via mail, perch\u00e9 difficilmente ce ne accorgeremo prima di qualche mese&#8230;<\/strong> Per le attivit\u00e0 come il tessuto aereo e l&#8217;acrobatica area in generale non vi \u00e8 un vero e proprio corso, ma uno spazio attrezzato aperto negli stessi orari della boxe.<\/p>\n\n\n\n<p class=\"has-ast-global-color-5-color has-text-color\">La palestra \u00e8 autogestita come tutte le attivit\u00e0 del centro sociale, nessuno percepisce un reddito per la propria opera volontaria, le attivit\u00e0 sono gratuite, le pulizie e la manutenzione vengono svolte collettivamente, per sostenere le eventuali spese di manutenzione ci si autotassa o si organizzano serate benefit.<\/p>\n<\/div><\/div>\n\n\n\n<div class=\"wp-block-uagb-advanced-heading uagb-block-6e0c64d5\"><h2 class=\"uagb-heading-text\">Orari<\/h2><\/div>\n\n\n\n<figure class=\"wp-block-table is-style-regular\"><table class=\"has-ast-global-color-8-color has-text-color has-background\" style=\"background-color:#fae705\"><tbody><tr><td><strong>Corso di avviamento al Pugilato (pre pugilistica)<\/strong><\/td><td>Luned\u00ec : Circuito di potenziamento<br>Mercoled\u00ec: Tecnica e precisione<br>Venerd\u00ec: Tecnica e sparring<\/td><td><strong>Luned\u00ec, Mercoled\u00ec, Venerd\u00ec&nbsp;(a volte anche marted\u00ec e gioved\u00ec)&nbsp; ore 19.00 &#8211; 21.00<\/strong><\/td><\/tr><tr><td><strong>Acrobatica area<\/strong><\/td><td> Tessuto e cerchio<\/td><td><strong>Luned\u00ec , Marted\u00ec, Mercoled\u00ec, Venerd\u00ec: ore 19.00 &#8211; 21:00<\/strong><\/td><\/tr><tr><td><strong>Breaking<\/strong><\/td><td>Breaking, locking, popping. Il ballo nella cultura hip hop, con particolare attenzione per le sue componenti originarie (funk, afro funk, afro beat, free jazz, hip hop old school)<\/td><td><strong>Marted\u00ec: ore 21.30 &#8211; 23.30<\/strong><\/td><\/tr><tr><td><strong>Danza classica<\/strong><\/td><td>Corso autogestito<\/td><td><strong>Marted\u00ec 21.30 &#8211; 23.00<\/strong><\/td><\/tr><tr><td><strong>Krump<\/strong><\/td><td>Il Krump \u00e8 un movimento nato a Los Angeles nei quartieri ghetto all&#8217;inizio degl&#8217;anni 2000. Lo scopo era di dare sfogo ai problemi socio-politici del tempo, tramite una danza nuda, cruda e spirituale che nasce dal Clownin e dall&#8217; Hip Hop. Un delle parti pi\u00f9 belle e storiche del Krump sono l&#8217;idea delle &#8220;Fam&#8221;, come senso di aggregazione, cura e rispetto reciproco , esattamente come in una vera famiglia. A capo c&#8217;\u00e8 il &#8220;Big Homie&#8221; e all&#8217;interno una legacy di persone ognuna con un proprio nome.&nbsp;Col tempo questo movimento si \u00e8 diffuso in tutto il mondo arrivando in Europa in primis tramite il film RIZE di David laChapelle.<\/td><td><strong>Luned\u00ec 21.30 &#8211; 23.30<\/strong><\/td><\/tr><tr><td>Palestra di Arrampicata Popolare<\/td><td>La palestra di arrampicata autogestita si colloca all&#8217;interno dello Skatepark del Centro Sociale Next Emerson.<br>Per qualsiasi domanda e curiosit\u00e0 veniteci a trovare nei giorni e orari indicati!<br>Non c&#8217;\u00e8 un vero e proprio corso, ma durante gli orari di apertura ci sar\u00e0 sempre qualcun\u0259 pronto a darvi una mano o dei consigli per i primi approcci a questo sport. L&#8217;obiettivo \u00e8 quello di creare uno spazio di allenamento, conoscenza e condivisione.<br>Per arrampicare non serve materiale particolare, bastano le scarpette e la magnesite. Se non le hai te le prestiamo noi! La palestra \u00e8 autogestita come tutte le attivit\u00e0 del centro sociale, le attivit\u00e0 sono gratuite, le pulizie e la manutenzione vengono svolte collettivamente, nessuno percepisce un reddito e per sostenere le eventuali spese di manutenzione\/ampliamento\/miglioramento ci si autotassa o si organizzano serate benefit.<\/td><td>Luned\u00ec 18.00-20.30&nbsp;<br>Marted\u00ec 18.00-21.30<br>Gioved\u00ec 18.00-21.30<\/td><\/tr><\/tbody><\/table><\/figure>\n\n\n\n<div class=\"wp-block-uagb-advanced-heading uagb-block-b72379fb\"><h2 class=\"uagb-heading-text\">Prossimi eventi della Palestra..<\/h2><\/div>\n\n\n\n\t\t\t<div class=\"wp-block-uagb-post-grid uagb-post-grid  uagb-post__image-position-top uagb-post__image-enabled uagb-block-6f881405     uagb-post__items uagb-post__columns-3 is-grid uagb-post__columns-tablet-2 uagb-post__columns-mobile-1 uagb-post__equal-height\" data-total=\"3\" style=\"\">\n\n\t\t\t\t\t\t\t\t\t\t\t\t<article class=\"uagb-post__inner-wrap\">\t\t\t\t\t\t\t\t<div class='uagb-post__image'>\n\t\t\t\t\t\t\t\t\t<a href=\"https:\/\/csaexemerson.org\/index.php\/2026\/03\/31\/smontanti-dal-basso-vi-18-19-aprile\/\" target=\"_self\" rel=\"bookmark noopener noreferrer\" class='uagb-image-ratio-inherit'><img loading=\"lazy\" decoding=\"async\" width=\"864\" height=\"1368\" src=\"https:\/\/csaexemerson.org\/wp-content\/uploads\/2026\/03\/WhatsApp-Image-2026-03-31-at-13.40.24.jpeg\" class=\"attachment-full size-full\" alt=\"\" srcset=\"https:\/\/csaexemerson.org\/wp-content\/uploads\/2026\/03\/WhatsApp-Image-2026-03-31-at-13.40.24.jpeg 864w, https:\/\/csaexemerson.org\/wp-content\/uploads\/2026\/03\/WhatsApp-Image-2026-03-31-at-13.40.24-189x300.jpeg 189w, https:\/\/csaexemerson.org\/wp-content\/uploads\/2026\/03\/WhatsApp-Image-2026-03-31-at-13.40.24-647x1024.jpeg 647w, https:\/\/csaexemerson.org\/wp-content\/uploads\/2026\/03\/WhatsApp-Image-2026-03-31-at-13.40.24-768x1216.jpeg 768w\" sizes=\"auto, (max-width: 864px) 100vw, 864px\" \/>\t\t\t\t\t<\/a>\n\t\t\t\t\t\t\t<\/div>\n\t\t\t\t\t\t<h4 class=\"uagb-post__title uagb-post__text\">\n\t\t\t\t<a href=\"https:\/\/csaexemerson.org\/index.php\/2026\/03\/31\/smontanti-dal-basso-vi-18-19-aprile\/\" target=\"_self\" rel=\"bookmark noopener noreferrer\">(S)MONTANTI &#8211; DAL BASSO VI &#8211; 18-19 Aprile<\/a>\n\t\t\t<\/h4>\n\t\t\t\t\t\t<div class='uagb-post__text uagb-post-grid-byline'>\n\t\t\t\t\t\t\t\t<time datetime=\"2026-03-31T13:57:27+02:00\" class=\"uagb-post__date\">\n\t\t\t\t<span class=\"dashicons-calendar dashicons\"><\/span>\t\t\t\t\tMarzo 31, 2026\t\t\t\t<\/time>\n\t\t\t\t\t\t<\/div>\n\t\t\t\t\t\t\t<div class='uagb-post__text uagb-post__excerpt'>\n\t\t\t\t\t<p>Torna il grande evento dello sport popolare al csa next emerson. Quest&#8217;anno, grazie alle diverse&#8230;\t\t\t\t<\/div>\n\t\t\t\t\t\t<div class=\"uagb-post__text uagb-post__cta wp-block-button\">\n\t\t\t\t<a class=\"wp-block-button__link uagb-text-link\" style=\"\" href=\"https:\/\/csaexemerson.org\/index.php\/2026\/03\/31\/smontanti-dal-basso-vi-18-19-aprile\/\" target=\"_self\" rel=\"bookmark noopener noreferrer\">DETTAGLI<\/a>\n\t\t\t<\/div>\n\t\t\t\n\t\t\t\t\t\t\t\t\t<\/article>\n\t\t\t\t\t\t\t\t\t\t\t\t\t\t\t\t<article class=\"uagb-post__inner-wrap\">\t\t\t\t\t\t\t\t<div class='uagb-post__image'>\n\t\t\t\t\t\t\t\t\t<a href=\"https:\/\/csaexemerson.org\/index.php\/2026\/03\/03\/cena-e-proiezione-con-ape-firenze-associazione-proletari-escursionisti\/\" target=\"_self\" rel=\"bookmark noopener noreferrer\" class='uagb-image-ratio-inherit'><img loading=\"lazy\" decoding=\"async\" width=\"1279\" height=\"1600\" src=\"https:\/\/csaexemerson.org\/wp-content\/uploads\/2026\/03\/WhatsApp-Image-2026-03-03-at-11.12.38.jpeg\" class=\"attachment-full size-full\" alt=\"\" srcset=\"https:\/\/csaexemerson.org\/wp-content\/uploads\/2026\/03\/WhatsApp-Image-2026-03-03-at-11.12.38.jpeg 1279w, https:\/\/csaexemerson.org\/wp-content\/uploads\/2026\/03\/WhatsApp-Image-2026-03-03-at-11.12.38-240x300.jpeg 240w, https:\/\/csaexemerson.org\/wp-content\/uploads\/2026\/03\/WhatsApp-Image-2026-03-03-at-11.12.38-819x1024.jpeg 819w, https:\/\/csaexemerson.org\/wp-content\/uploads\/2026\/03\/WhatsApp-Image-2026-03-03-at-11.12.38-768x961.jpeg 768w, https:\/\/csaexemerson.org\/wp-content\/uploads\/2026\/03\/WhatsApp-Image-2026-03-03-at-11.12.38-1228x1536.jpeg 1228w\" sizes=\"auto, (max-width: 1279px) 100vw, 1279px\" \/>\t\t\t\t\t<\/a>\n\t\t\t\t\t\t\t<\/div>\n\t\t\t\t\t\t<h4 class=\"uagb-post__title uagb-post__text\">\n\t\t\t\t<a href=\"https:\/\/csaexemerson.org\/index.php\/2026\/03\/03\/cena-e-proiezione-con-ape-firenze-associazione-proletari-escursionisti\/\" target=\"_self\" rel=\"bookmark noopener noreferrer\">Lun 9 Marzo &#8211; Cena e proiezione con Ape Firenze &#8211; Associazione Proletari Escursionisti<\/a>\n\t\t\t<\/h4>\n\t\t\t\t\t\t<div class='uagb-post__text uagb-post-grid-byline'>\n\t\t\t\t\t\t\t\t<time datetime=\"2026-03-03T11:28:37+01:00\" class=\"uagb-post__date\">\n\t\t\t\t<span class=\"dashicons-calendar dashicons\"><\/span>\t\t\t\t\tMarzo 3, 2026\t\t\t\t<\/time>\n\t\t\t\t\t\t<\/div>\n\t\t\t\t\t\t\t<div class='uagb-post__text uagb-post__excerpt'>\n\t\t\t\t\t<p>Ore 18:00 Arrampicata palestra apertaOre 20:00 Cena BenefitOre 21:00 Proiezione del film &#8220;ll grande gioco&#8221;&#8230;\t\t\t\t<\/div>\n\t\t\t\t\t\t<div class=\"uagb-post__text uagb-post__cta wp-block-button\">\n\t\t\t\t<a class=\"wp-block-button__link uagb-text-link\" style=\"\" href=\"https:\/\/csaexemerson.org\/index.php\/2026\/03\/03\/cena-e-proiezione-con-ape-firenze-associazione-proletari-escursionisti\/\" target=\"_self\" rel=\"bookmark noopener noreferrer\">DETTAGLI<\/a>\n\t\t\t<\/div>\n\t\t\t\n\t\t\t\t\t\t\t\t\t<\/article>\n\t\t\t\t\t\t\t\t\t\t\t\t\t\t\t\t<article class=\"uagb-post__inner-wrap\">\t\t\t\t\t\t\t\t<h4 class=\"uagb-post__title uagb-post__text\">\n\t\t\t\t<a href=\"https:\/\/csaexemerson.org\/index.php\/2026\/02\/18\/lunedi-23-02-dalle-18-00-fa-la-mossa-giusta\/\" target=\"_self\" rel=\"bookmark noopener noreferrer\">Luned\u00ec 23\/02 dalle 18.00 &#8211; Fa la mossa giusta<\/a>\n\t\t\t<\/h4>\n\t\t\t\t\t\t<div class='uagb-post__text uagb-post-grid-byline'>\n\t\t\t\t\t\t\t\t<time datetime=\"2026-02-18T16:43:08+01:00\" class=\"uagb-post__date\">\n\t\t\t\t<span class=\"dashicons-calendar dashicons\"><\/span>\t\t\t\t\tFebbraio 18, 2026\t\t\t\t<\/time>\n\t\t\t\t\t\t<\/div>\n\t\t\t\t\t\t\t<div class='uagb-post__text uagb-post__excerpt'>\n\t\t\t\t\t<p>Fa la mossa giusta Luned\u00ec 23 febbraio Dalle 18:00 allenamento di arrampicata Dalle 19:00 allenamento&#8230;\t\t\t\t<\/div>\n\t\t\t\t\t\t<div class=\"uagb-post__text uagb-post__cta wp-block-button\">\n\t\t\t\t<a class=\"wp-block-button__link uagb-text-link\" style=\"\" href=\"https:\/\/csaexemerson.org\/index.php\/2026\/02\/18\/lunedi-23-02-dalle-18-00-fa-la-mossa-giusta\/\" target=\"_self\" rel=\"bookmark noopener noreferrer\">DETTAGLI<\/a>\n\t\t\t<\/div>\n\t\t\t\n\t\t\t\t\t\t\t\t\t<\/article>\n\t\t\t\t\t\t\t\t\t\t\t\t\t\t\t\t<article class=\"uagb-post__inner-wrap\">\t\t\t\t\t\t\t\t<div class='uagb-post__image'>\n\t\t\t\t\t\t\t\t\t<a href=\"https:\/\/csaexemerson.org\/index.php\/2025\/12\/08\/ven-19-dicembre-inaugurazione-nuova-parete-itunnel-palestrina-di-arrampicata-popolare\/\" target=\"_self\" rel=\"bookmark noopener noreferrer\" class='uagb-image-ratio-inherit'><img loading=\"lazy\" decoding=\"async\" width=\"1200\" height=\"1698\" src=\"https:\/\/csaexemerson.org\/wp-content\/uploads\/2025\/12\/climbers19.jpg\" class=\"attachment-full size-full\" alt=\"\" srcset=\"https:\/\/csaexemerson.org\/wp-content\/uploads\/2025\/12\/climbers19.jpg 1200w, https:\/\/csaexemerson.org\/wp-content\/uploads\/2025\/12\/climbers19-212x300.jpg 212w, https:\/\/csaexemerson.org\/wp-content\/uploads\/2025\/12\/climbers19-724x1024.jpg 724w, https:\/\/csaexemerson.org\/wp-content\/uploads\/2025\/12\/climbers19-768x1087.jpg 768w, https:\/\/csaexemerson.org\/wp-content\/uploads\/2025\/12\/climbers19-1086x1536.jpg 1086w\" sizes=\"auto, (max-width: 1200px) 100vw, 1200px\" \/>\t\t\t\t\t<\/a>\n\t\t\t\t\t\t\t<\/div>\n\t\t\t\t\t\t<h4 class=\"uagb-post__title uagb-post__text\">\n\t\t\t\t<a href=\"https:\/\/csaexemerson.org\/index.php\/2025\/12\/08\/ven-19-dicembre-inaugurazione-nuova-parete-itunnel-palestrina-di-arrampicata-popolare\/\" target=\"_self\" rel=\"bookmark noopener noreferrer\">Ven 19 dicembre &#8211; Inaugurazione nuova parete I\u2019Tunnel &#8211; Palestrina di Arrampicata Popolare<\/a>\n\t\t\t<\/h4>\n\t\t\t\t\t\t<div class='uagb-post__text uagb-post-grid-byline'>\n\t\t\t\t\t\t\t\t<time datetime=\"2025-12-08T23:11:38+01:00\" class=\"uagb-post__date\">\n\t\t\t\t<span class=\"dashicons-calendar dashicons\"><\/span>\t\t\t\t\tDicembre 8, 2025\t\t\t\t<\/time>\n\t\t\t\t\t\t<\/div>\n\t\t\t\t\t\t\t<div class='uagb-post__text uagb-post__excerpt'>\n\t\t\t\t\t<p>dalle 17.30 inaugurazione della nuova parete della Palestrina di Arrampicata Popolare I&#8217;Tunnel Aperitivo, musica e&#8230;\t\t\t\t<\/div>\n\t\t\t\t\t\t<div class=\"uagb-post__text uagb-post__cta wp-block-button\">\n\t\t\t\t<a class=\"wp-block-button__link uagb-text-link\" style=\"\" href=\"https:\/\/csaexemerson.org\/index.php\/2025\/12\/08\/ven-19-dicembre-inaugurazione-nuova-parete-itunnel-palestrina-di-arrampicata-popolare\/\" target=\"_self\" rel=\"bookmark noopener noreferrer\">DETTAGLI<\/a>\n\t\t\t<\/div>\n\t\t\t\n\t\t\t\t\t\t\t\t\t<\/article>\n\t\t\t\t\t\t\t\t\t\t\t\t\t\t\t\t<article class=\"uagb-post__inner-wrap\">\t\t\t\t\t\t\t\t<div class='uagb-post__image'>\n\t\t\t\t\t\t\t\t\t<a href=\"https:\/\/csaexemerson.org\/index.php\/2025\/12\/08\/lun-15-dicembre-lunedi-allemerson-proiezione-di-valley-uprising\/\" target=\"_self\" rel=\"bookmark noopener noreferrer\" class='uagb-image-ratio-inherit'><img loading=\"lazy\" decoding=\"async\" width=\"1131\" height=\"1600\" src=\"https:\/\/csaexemerson.org\/wp-content\/uploads\/2025\/12\/uprising.jpg\" class=\"attachment-full size-full\" alt=\"\" srcset=\"https:\/\/csaexemerson.org\/wp-content\/uploads\/2025\/12\/uprising.jpg 1131w, https:\/\/csaexemerson.org\/wp-content\/uploads\/2025\/12\/uprising-212x300.jpg 212w, https:\/\/csaexemerson.org\/wp-content\/uploads\/2025\/12\/uprising-724x1024.jpg 724w, https:\/\/csaexemerson.org\/wp-content\/uploads\/2025\/12\/uprising-768x1086.jpg 768w, https:\/\/csaexemerson.org\/wp-content\/uploads\/2025\/12\/uprising-1086x1536.jpg 1086w\" sizes=\"auto, (max-width: 1131px) 100vw, 1131px\" \/>\t\t\t\t\t<\/a>\n\t\t\t\t\t\t\t<\/div>\n\t\t\t\t\t\t<h4 class=\"uagb-post__title uagb-post__text\">\n\t\t\t\t<a href=\"https:\/\/csaexemerson.org\/index.php\/2025\/12\/08\/lun-15-dicembre-lunedi-allemerson-proiezione-di-valley-uprising\/\" target=\"_self\" rel=\"bookmark noopener noreferrer\">Lun 15 dicembre &#8211; Luned\u00ec all\u2019Emerson &#8211; Proiezione di Valley Uprising<\/a>\n\t\t\t<\/h4>\n\t\t\t\t\t\t<div class='uagb-post__text uagb-post-grid-byline'>\n\t\t\t\t\t\t\t\t<time datetime=\"2025-12-08T18:47:13+01:00\" class=\"uagb-post__date\">\n\t\t\t\t<span class=\"dashicons-calendar dashicons\"><\/span>\t\t\t\t\tDicembre 8, 2025\t\t\t\t<\/time>\n\t\t\t\t\t\t<\/div>\n\t\t\t\t\t\t\t<div class='uagb-post__text uagb-post__excerpt'>\n\t\t\t\t\t<p>Dalle 18 alle 20 &#8211; allenamento arrampicata Alle 20 &#8211; cena sociale Alle 21 &#8211;&#8230;\t\t\t\t<\/div>\n\t\t\t\t\t\t<div class=\"uagb-post__text uagb-post__cta wp-block-button\">\n\t\t\t\t<a class=\"wp-block-button__link uagb-text-link\" style=\"\" href=\"https:\/\/csaexemerson.org\/index.php\/2025\/12\/08\/lun-15-dicembre-lunedi-allemerson-proiezione-di-valley-uprising\/\" target=\"_self\" rel=\"bookmark noopener noreferrer\">DETTAGLI<\/a>\n\t\t\t<\/div>\n\t\t\t\n\t\t\t\t\t\t\t\t\t<\/article>\n\t\t\t\t\t\t\t\t\t\t\t\t\t\t\t\t<article class=\"uagb-post__inner-wrap\">\t\t\t\t\t\t\t\t<h4 class=\"uagb-post__title uagb-post__text\">\n\t\t\t\t<a href=\"https:\/\/csaexemerson.org\/index.php\/2025\/10\/19\/lunedi-27-10-proiezione-di-resistance-climbing\/\" target=\"_self\" rel=\"bookmark noopener noreferrer\">Luned\u00ec 27\/10 &#8211; proiezione di &#8220;Resistance climbing&#8221;<\/a>\n\t\t\t<\/h4>\n\t\t\t\t\t\t<div class='uagb-post__text uagb-post-grid-byline'>\n\t\t\t\t\t\t\t\t<time datetime=\"2025-10-19T22:08:38+02:00\" class=\"uagb-post__date\">\n\t\t\t\t<span class=\"dashicons-calendar dashicons\"><\/span>\t\t\t\t\tOttobre 19, 2025\t\t\t\t<\/time>\n\t\t\t\t\t\t<\/div>\n\t\t\t\t\t\t\t<div class='uagb-post__text uagb-post__excerpt'>\n\t\t\t\t\t<p>18.00 &#8211; 20.00 allenamento collettivo presso la palestra di arrampicata popolare &#8221; I&#8217;Tunnel &#8221; 20.30&#8230;\t\t\t\t<\/div>\n\t\t\t\t\t\t<div class=\"uagb-post__text uagb-post__cta wp-block-button\">\n\t\t\t\t<a class=\"wp-block-button__link uagb-text-link\" style=\"\" href=\"https:\/\/csaexemerson.org\/index.php\/2025\/10\/19\/lunedi-27-10-proiezione-di-resistance-climbing\/\" target=\"_self\" rel=\"bookmark noopener noreferrer\">DETTAGLI<\/a>\n\t\t\t<\/div>\n\t\t\t\n\t\t\t\t\t\t\t\t\t<\/article>\n\t\t\t\t\t\t\t\t\t\t\t<\/div>\n\t\t\t","protected":false},"excerpt":{"rendered":"<p>PALESTRA POPOLARE SANPIETRINO Dal 2001 Qui di seguito gli orari dei corsi in palestra per l&#8217;anno 2025\/2026. Se avete bisogno di informazioni o volete passarci a trovare basta venire in un giorno qualsiasi in cui vi sia un corso negli orari indicati,non chiedete informazioni nei commenti o via mail, perch\u00e9 difficilmente ce ne accorgeremo prima &hellip;<\/p>\n<p class=\"read-more\"> <a class=\"\" href=\"https:\/\/csaexemerson.org\/index.php\/palestra\/\"> <span class=\"screen-reader-text\">Palestra<\/span> Leggi altro &raquo;<\/a><\/p>\n","protected":false},"author":1,"featured_media":0,"parent":0,"menu_order":0,"comment_status":"closed","ping_status":"closed","template":"","meta":{"_uag_custom_page_level_css":"","site-sidebar-layout":"default","site-content-layout":"plain-container","ast-global-header-display":"","ast-main-header-display":"","ast-hfb-above-header-display":"","ast-hfb-below-header-display":"","ast-hfb-mobile-header-display":"","site-post-title":"disabled","ast-breadcrumbs-content":"","ast-featured-img":"","footer-sml-layout":"","theme-transparent-header-meta":"default","adv-header-id-meta":"","stick-header-meta":"","header-above-stick-meta":"","header-main-stick-meta":"","header-below-stick-meta":"","footnotes":""},"class_list":["post-8","page","type-page","status-publish","hentry"],"uagb_featured_image_src":{"full":false,"thumbnail":false,"medium":false,"medium_large":false,"large":false,"1536x1536":false,"2048x2048":false},"uagb_author_info":{"display_name":"next","author_link":"https:\/\/csaexemerson.org\/index.php\/author\/next\/"},"uagb_comment_info":10,"uagb_excerpt":"PALESTRA POPOLARE SANPIETRINO Dal 2001 Qui di seguito gli orari dei corsi in palestra per l&#8217;anno 2025\/2026. Se avete bisogno di informazioni o volete passarci a trovare basta venire in un giorno qualsiasi in cui vi sia un corso negli orari indicati,non chiedete informazioni nei commenti o via mail, perch\u00e9 difficilmente ce ne accorgeremo prima&hellip;","_links":{"self":[{"href":"https:\/\/csaexemerson.org\/index.php\/wp-json\/wp\/v2\/pages\/8","targetHints":{"allow":["GET"]}}],"collection":[{"href":"https:\/\/csaexemerson.org\/index.php\/wp-json\/wp\/v2\/pages"}],"about":[{"href":"https:\/\/csaexemerson.org\/index.php\/wp-json\/wp\/v2\/types\/page"}],"author":[{"embeddable":true,"href":"https:\/\/csaexemerson.org\/index.php\/wp-json\/wp\/v2\/users\/1"}],"replies":[{"embeddable":true,"href":"https:\/\/csaexemerson.org\/index.php\/wp-json\/wp\/v2\/comments?post=8"}],"version-history":[{"count":12,"href":"https:\/\/csaexemerson.org\/index.php\/wp-json\/wp\/v2\/pages\/8\/revisions"}],"predecessor-version":[{"id":5572,"href":"https:\/\/csaexemerson.org\/index.php\/wp-json\/wp\/v2\/pages\/8\/revisions\/5572"}],"wp:attachment":[{"href":"https:\/\/csaexemerson.org\/index.php\/wp-json\/wp\/v2\/media?parent=8"}],"curies":[{"name":"wp","href":"https:\/\/api.w.org\/{rel}","templated":true}]}}